
{"id":1324,"date":"2016-08-04T11:17:28","date_gmt":"2016-08-04T08:17:28","guid":{"rendered":"https:\/\/rezult.pro\/?page_id=1324"},"modified":"2022-07-01T09:18:57","modified_gmt":"2022-07-01T07:18:57","slug":"primenenie-pilomaterialov-doski-i-bruski-iz-sosny","status":"publish","type":"page","link":"https:\/\/rezult.pro\/pl\/primenenie-pilomaterialov-doski-i-bruski-iz-sosny\/","title":{"rendered":"Zastosowanie drewna (desek i pr\u0119t\u00f3w sosnowych)"},"content":{"rendered":"<p><span style=\"color: #ff0000;\"><strong>Zastosowanie tarcicy (deski sosnowe i pr\u0119ty)<\/strong><\/span><\/p>\n<p><span title=\"Sosna jest jednym z najpopularniejszych materia\u0142\u00f3w w budownictwie, ma do\u015b\u0107 du\u017c\u0105 wytrzyma\u0142o\u015b\u0107, jest odporna na odkszta\u0142cenia podczas skurczu, \u0142atwa w obr\u00f3bce, jest te\u017c do\u015b\u0107 elastyczna i elastyczna oraz \u0142atwa w obr\u00f3bce.\u00a0<\/span><\/p>\n<p><span title=\"Tarcica sosnowa wykorzystywana jest do produkcji mebli, budownictwa i dekoracji wn\u0119trz.<\/span><\/p>\n<p><img loading=\"lazy\" class=\" wp-image-949 alignnone\" data-src=\"https:\/\/rezult.pro\/wp-content\/uploads\/2016\/04\/shutterstock_92383939-1-300x199.jpg\" sizes=\"(max-width: 293px) 100vw, 293px\" data-srcset=\"https:\/\/rezult.pro\/wp-content\/uploads\/2016\/04\/shutterstock_92383939-1-768x510.jpg 768w, https:\/\/rezult.pro\/wp-content\/uploads\/2016\/04\/shutterstock_92383939-1.jpg 1000w\" alt=\"shutterstock_92383939\" width=\"293\" height=\"195\" \/>\u00a0\u00a0\u00a0 \u00a0<img loading=\"lazy\" class=\" wp-image-957 alignnone\" data-src=\"https:\/\/rezult.pro\/wp-content\/uploads\/2016\/04\/shutterstock_309039176-300x200.jpg\" sizes=\"(max-width: 293px) 100vw, 293px\" data-srcset=\"https:\/\/rezult.pro\/wp-content\/uploads\/2016\/04\/shutterstock_309039176-300x200.jpg 300w, https:\/\/rezult.pro\/wp-content\/uploads\/2016\/04\/shutterstock_309039176-768x512.jpg 768w, https:\/\/rezult.pro\/wp-content\/uploads\/2016\/04\/shutterstock_309039176.jpg 1000w\" alt=\"shutterstock_309039176\" width=\"293\" height=\"195\" \/><\/p>\n<p><span title=\"Tarcica jest  bardzo popularnym i rozpowszechnionym materia\u0142em, poniewa\u017c jest przyjazna dla \u015brodowiska, spr\u0119\u017cysta, a drewno jest najta\u0144sze.\">Tarcica jest  bardzo popularnym i rozpowszechnionym materia\u0142em, poniewa\u017c jest przyjazna dla \u015brodowiska, spr\u0119\u017cysta, a drewno jest najta\u0144sze.<\/span><\/p>\n<p><span title=\"Dwa rodzaje tarcicy - belka i deska.\">Dwa rodzaje tarcicy &#8211; belka i deska.<\/span><\/p>\n<p><span title=\"Belka \u2013 produkt wykonany z drewna o szeroko\u015bci i grubo\u015bci 100 mm, stosowany w produkcji mebli, konstrukcji, produkcji pojemnik\u00f3w itp. \"><span style=\"color: #ff0000;\"><strong>Belka<\/strong> <\/span>\u2013 produkt wykonany z drewna o szeroko\u015bci i grubo\u015bci 100 mm, stosowany w produkcji mebli, konstrukcji, produkcji pojemnik\u00f3w itp.<\/span><\/p>\n<p><img loading=\"lazy\" class=\" wp-image-958 alignnone\" data-src=\"https:\/\/rezult.pro\/wp-content\/uploads\/2016\/04\/shutterstock_337840058-300x200.jpg\" sizes=\"(max-width: 293px) 100vw, 293px\" data-srcset=\"https:\/\/rezult.pro\/wp-content\/uploads\/2016\/04\/shutterstock_337840058-300x200.jpg 300w, https:\/\/rezult.pro\/wp-content\/uploads\/2016\/04\/shutterstock_337840058-768x512.jpg 768w, https:\/\/rezult.pro\/wp-content\/uploads\/2016\/04\/shutterstock_337840058.jpg 1000w\" alt=\"shutterstock_337840058\" width=\"293\" height=\"195\" \/>\u00a0\u00a0\u00a0\u00a0 <img loading=\"lazy\" class=\" wp-image-948 alignnone\" data-src=\"https:\/\/rezult.pro\/wp-content\/uploads\/2016\/04\/shutterstock_81773689-300x200.jpg\" sizes=\"(max-width: 293px) 100vw, 293px\" data-srcset=\"https:\/\/rezult.pro\/wp-content\/uploads\/2016\/04\/shutterstock_81773689-300x200.jpg 300w, https:\/\/rezult.pro\/wp-content\/uploads\/2016\/04\/shutterstock_81773689-768x511.jpg 768w, https:\/\/rezult.pro\/wp-content\/uploads\/2016\/04\/shutterstock_81773689.jpg 1000w\" alt=\"shutterstock_81773689\" width=\"293\" height=\"195\" \/><\/p>\n<p><span title=\"G\u0142\u00f3wne rodzaje belek:\">G\u0142\u00f3wne rodzaje belek:<br \/>\n<\/span><\/p>\n<ul>\n<li><span title=\"\u2022obosieczna - zako\u0144czona z dw\u00f3ch przeciwleg\u0142ych stron wzd\u0142u\u017c bok\u00f3w pod\u0142u\u017cnych.\">obosieczna &#8211; zako\u0144czona z dw\u00f3ch przeciwleg\u0142ych stron wzd\u0142u\u017c bok\u00f3w pod\u0142u\u017cnych.<\/span><\/li>\n<li><span title=\"\u2022tr\u00f3jkraw\u0119dziowa -  obrabiana z trzech stron wzd\u0142u\u017c bok\u00f3w pod\u0142u\u017cnych.\">tr\u00f3jkraw\u0119dziowa &#8211;  obrabiana z trzech stron wzd\u0142u\u017c bok\u00f3w pod\u0142u\u017cnych.<\/span><\/li>\n<li><span title=\"\u2022czworok\u0105tna - obrabiana z czterech stron wzd\u0142u\u017c bok\u00f3w pod\u0142u\u017cnych.\">czworok\u0105tna &#8211; obrabiana z czterech stron wzd\u0142u\u017c bok\u00f3w pod\u0142u\u017cnych.<\/span><\/li>\n<li><span title=\"\u2022kalibrowana - wysuszona belka, wyko\u0144czona na wymagany wymiar. \">kalibrowana &#8211; wysuszona belka, wyko\u0144czona na wymagany wymiar.<\/span><\/span><\/li>\n<\/ul>\n<p><span title=\"Zgodnie z klasyfikacj\u0105 belki s\u0105 profilowane, klejone i cylindryczne.\">Zgodnie z klasyfikacj\u0105 belki s\u0105 profilowane, klejone i cylindryczne.<\/span><\/p>\n<p><span title=\"W zale\u017cno\u015bci od klasy belki r\u00f3\u017cni si\u0119 r\u00f3wnie\u017c jej zakres.\">W zale\u017cno\u015bci od klasy belki r\u00f3\u017cni si\u0119 r\u00f3wnie\u017c jej zakres.<\/span><\/p>\n<p><span title=\"Profilowane drewno to najlepsza opcja do budowy wiejskiego domu.\">Profilowane drewno to najlepsza opcja do budowy wiejskiego domu.<\/span><span title=\"Za pomoc\u0105 belki o takim kszta\u0142cie w przekroju budowa domu jest \u0142atwiejsza i szybsza.\">Za pomoc\u0105 belki o takim kszta\u0142cie w przekroju budowa domu jest \u0142atwiejsza i szybsza.<\/span><span title=\"Mo\u017cemy zrobi\u0107 dom, jakby z segment\u00f3w.\">Mo\u017cemy zrobi\u0107 dom, jakby z segment\u00f3w.<\/span><\/p>\n<p><span title=\"Drewno klejone warstwowo znajduje zastosowanie w budowie dom\u00f3w o dowolnym projekcie.\">Drewno klejone warstwowo znajduje zastosowanie w budowie dom\u00f3w o dowolnym projekcie.<\/span><span title=\" Technologia wykonania tego typu belki jest bardziej skomplikowana, dzi\u0119ki czemu ma \u015bwietn\u0105 cen\u0119.\"> Technologia wykonania tego typu belki jest bardziej skomplikowana, dzi\u0119ki czemu ma \u015bwietn\u0105 cen\u0119.<\/span><\/p>\n<p><span title=Okr\u0105gly znajduje zastosowanie w budowaniu domk\u00f3w letniskowych, werand, altan, \u0142a\u017ani, saun, dom\u00f3w wiejskich.\">Okr\u0105gly znajduje zastosowanie w budowaniu domk\u00f3w letniskowych, werand, altan, \u0142a\u017ani, saun, dom\u00f3w wiejskich.<\/span><\/p>\n<p><span title=\"Wszystkie drewniane ramy, bale i podstawy wykonane s\u0105 z drewna.\">Wszystkie drewniane ramy, bale i podstawy wykonane s\u0105 z drewna.<\/span><\/p>\n<p><img loading=\"lazy\" class=\" wp-image-953 alignnone\" data-src=\"https:\/\/rezult.pro\/wp-content\/uploads\/2016\/04\/shutterstock_146104262-300x200.jpg\" sizes=\"(max-width: 290px) 100vw, 290px\" data-srcset=\"https:\/\/rezult.pro\/wp-content\/uploads\/2016\/04\/shutterstock_146104262-300x200.jpg 300w, https:\/\/rezult.pro\/wp-content\/uploads\/2016\/04\/shutterstock_146104262-768x512.jpg 768w, https:\/\/rezult.pro\/wp-content\/uploads\/2016\/04\/shutterstock_146104262.jpg 1000w\" alt=\"shutterstock_146104262\" width=\"290\" height=\"193\" \/>\u00a0\u00a0 \u00a0 <img loading=\"lazy\" class=\" wp-image-411 alignnone\" data-src=\"https:\/\/rezult.pro\/wp-content\/uploads\/2016\/05\/shutterstock_112616969-300x193.jpg\" sizes=\"(max-width: 300px) 100vw, 300px\" data-srcset=\"https:\/\/rezult.pro\/wp-content\/uploads\/2016\/05\/shutterstock_112616969-300x193.jpg 300w, https:\/\/rezult.pro\/wp-content\/uploads\/2016\/05\/shutterstock_112616969-768x495.jpg 768w, https:\/\/rezult.pro\/wp-content\/uploads\/2016\/05\/shutterstock_112616969-1024x660.jpg 1024w\" alt=\"shutterstock_112616969\" width=\"300\" height=\"193\" \/><\/p>\n<p>Jednym z najbardziej uniwersalnych produkt\u00f3w przecierania drewna stosowanych w budownictwie s\u0105 p\u0142yty tarcicowe o grubo\u015bci do 100 mm i szeroko\u015bci dwukrotnie wi\u0119kszej i wi\u0119cej.<\/p>\n<p><img loading=\"lazy\" class=\" wp-image-955 alignnone\" data-src=\"https:\/\/rezult.pro\/wp-content\/uploads\/2016\/04\/shutterstock_182746451-300x191.jpg\" alt=\"shutterstock_182746451\" width=\"304\" height=\"193\" data-srcset=\"https:\/\/rezult.pro\/wp-content\/uploads\/2016\/04\/shutterstock_182746451-300x191.jpg 300w, https:\/\/rezult.pro\/wp-content\/uploads\/2016\/04\/shutterstock_182746451-768x490.jpg 768w, https:\/\/rezult.pro\/wp-content\/uploads\/2016\/04\/shutterstock_182746451.jpg 1000w\" sizes=\"(max-width: 304px) 100vw, 304px\" \/>\u00a0\u00a0\u00a0 \u00a0<img loading=\"lazy\" class=\"wp-image-568 alignnone\" data-src=\"https:\/\/rezult.pro\/wp-content\/uploads\/2016\/05\/shutterstock_328861295-300x200.jpg\" sizes=\"(max-width: 290px) 100vw, 290px\" data-srcset=\"https:\/\/rezult.pro\/wp-content\/uploads\/2016\/05\/shutterstock_328861295-300x200.jpg 300w, https:\/\/rezult.pro\/wp-content\/uploads\/2016\/05\/shutterstock_328861295-768x512.jpg 768w, https:\/\/rezult.pro\/wp-content\/uploads\/2016\/05\/shutterstock_328861295.jpg 1000w\" alt=\"\" width=\"290\" height=\"193\" \/><\/p>\n<p><span title=\"Jednym z najbardziej uniwersalnych produkt\u00f3w przecierania drewna stosowanych w budownictwie s\u0105 p\u0142yty tarcicowe o grubo\u015bci do 100 mm i szeroko\u015bci dwukrotnie wi\u0119kszej i wi\u0119cej.\">Jednym z najbardziej uniwersalnych produkt\u00f3w przecierania drewna stosowanych w budownictwie s\u0105 p\u0142yty tarcicowe o grubo\u015bci do 100 mm i szeroko\u015bci dwukrotnie wi\u0119kszej i wi\u0119cej.<\/p>\n<p><\/span><span title=\"Wygl\u0105d deski zale\u017cy od przetartych kraw\u0119dzi, warstwy zewn\u0119trznej, obr\u00f3bki i umiejscowienia deski w k\u0142odzie. \"><br \/>\n<\/span><span title=\"G\u0142\u00f3wnym rodzajem naszych produkt\u00f3w jest deska obrzynana\">G\u0142\u00f3wnym rodzajem naszych produkt\u00f3w jest <span style=\"color: #ff0000;\"><strong>deska obrzynana<\/strong><\/span><\/span><\/p>\n<p><span title=\"Wykorzystanie desek uzale\u017cnione jest od procentowej zawarto\u015bci wilgoci ko\u0144cowej produktu: \">Wykorzystanie desek uzale\u017cnione jest od procentowej zawarto\u015bci wilgoci ko\u0144cowej produktu:<br \/>\n<\/span><span title=\"\u2022Wilgotno\u015b\u0107 8-10% - (materia\u0142y suche) parkiet, deski, panele. \">\u2022 Wilgotno\u015b\u0107 8-10% &#8211; (materia\u0142y suche) parkiet, deski, panele.<br \/>\n<\/span><span title=\"\u2022Wilgotno\u015b\u0107 12-16% - (materia\u0142y uniwersalne) cok\u00f3\u0142, ramy okienne, wyko\u0144czenia, skrzynki drzwiowe. \">\u2022 Wilgotno\u015b\u0107 12-16% &#8211; (materia\u0142y uniwersalne) cok\u00f3\u0142, ramy okienne, wyko\u0144czenia, skrzynki drzwiowe.<br \/>\n<\/span><span title=\"\u2022Wilgotno\u015b\u0107 18% - \u0142aty, wyko\u0144czenia zewn\u0119trzne, krokwie dachowe, skrzynki drzwi i okien.\">\u2022 Wilgotno\u015b\u0107 18% &#8211; \u0142aty, wyko\u0144czenia zewn\u0119trzne, krokwie dachowe, skrzynki drzwi i okien.<\/span><\/p>","protected":false},"excerpt":{"rendered":"<p>Zastosowanie tarcicy (deski sosnowe i pr\u0119ty)<\/p>\n","protected":false},"author":1,"featured_media":0,"parent":0,"menu_order":0,"comment_status":"closed","ping_status":"closed","template":"","meta":[],"acf":[],"_links":{"self":[{"href":"https:\/\/rezult.pro\/pl\/wp-json\/wp\/v2\/pages\/1324"}],"collection":[{"href":"https:\/\/rezult.pro\/pl\/wp-json\/wp\/v2\/pages"}],"about":[{"href":"https:\/\/rezult.pro\/pl\/wp-json\/wp\/v2\/types\/page"}],"author":[{"embeddable":true,"href":"https:\/\/rezult.pro\/pl\/wp-json\/wp\/v2\/users\/1"}],"replies":[{"embeddable":true,"href":"https:\/\/rezult.pro\/pl\/wp-json\/wp\/v2\/comments?post=1324"}],"version-history":[{"count":0,"href":"https:\/\/rezult.pro\/pl\/wp-json\/wp\/v2\/pages\/1324\/revisions"}],"wp:attachment":[{"href":"https:\/\/rezult.pro\/pl\/wp-json\/wp\/v2\/media?parent=1324"}],"curies":[{"name":"wp","href":"https:\/\/api.w.org\/{rel}","templated":true}]}}