
{"id":14,"date":"2016-02-24T18:25:10","date_gmt":"2016-02-24T15:25:10","guid":{"rendered":"http:\/\/rezult-pro.1gb.ua\/?page_id=14"},"modified":"2022-06-23T15:20:03","modified_gmt":"2022-06-23T13:20:03","slug":"quality","status":"publish","type":"page","link":"https:\/\/rezult.pro\/pl\/quality\/","title":{"rendered":"Nasze standardy jako\u015bci"},"content":{"rendered":"<p class=\"qtranxs-available-languages-message qtranxs-available-languages-message-pl\">Przepraszamy, ten wpis jest dost\u0119pny tylko w j\u0119zyku <a href=\"https:\/\/rezult.pro\/ua\/wp-json\/wp\/v2\/pages\/14\" class=\"qtranxs-available-language-link qtranxs-available-language-link-ua\" title=\"UA\">Ukrai\u0144ski<\/a>, <a href=\"https:\/\/rezult.pro\/ru\/wp-json\/wp\/v2\/pages\/14\" class=\"qtranxs-available-language-link qtranxs-available-language-link-ru\" title=\"RU\">Rosyjski<\/a> i <a href=\"https:\/\/rezult.pro\/en\/wp-json\/wp\/v2\/pages\/14\" class=\"qtranxs-available-language-link qtranxs-available-language-link-en\" title=\"EN\">Ameryka\u0144ski Angielski<\/a>.<\/p>","protected":false},"excerpt":{"rendered":"<p>Przepraszamy, ten wpis jest dost\u0119pny tylko w j\u0119zyku Ukrai\u0144ski, Rosyjski i Ameryka\u0144ski Angielski.<\/p>\n","protected":false},"author":1,"featured_media":0,"parent":0,"menu_order":0,"comment_status":"closed","ping_status":"closed","template":"","meta":[],"acf":[],"_links":{"self":[{"href":"https:\/\/rezult.pro\/pl\/wp-json\/wp\/v2\/pages\/14"}],"collection":[{"href":"https:\/\/rezult.pro\/pl\/wp-json\/wp\/v2\/pages"}],"about":[{"href":"https:\/\/rezult.pro\/pl\/wp-json\/wp\/v2\/types\/page"}],"author":[{"embeddable":true,"href":"https:\/\/rezult.pro\/pl\/wp-json\/wp\/v2\/users\/1"}],"replies":[{"embeddable":true,"href":"https:\/\/rezult.pro\/pl\/wp-json\/wp\/v2\/comments?post=14"}],"version-history":[{"count":0,"href":"https:\/\/rezult.pro\/pl\/wp-json\/wp\/v2\/pages\/14\/revisions"}],"wp:attachment":[{"href":"https:\/\/rezult.pro\/pl\/wp-json\/wp\/v2\/media?parent=14"}],"curies":[{"name":"wp","href":"https:\/\/api.w.org\/{rel}","templated":true}]}}