
{"id":240,"date":"2016-04-29T09:46:30","date_gmt":"2016-04-29T06:46:30","guid":{"rendered":"https:\/\/rezult.pro\/?page_id=240"},"modified":"2022-06-18T20:53:09","modified_gmt":"2022-06-18T18:53:09","slug":"philosophy","status":"publish","type":"page","link":"https:\/\/rezult.pro\/pl\/philosophy\/","title":{"rendered":"Filozofia"},"content":{"rendered":"<p><\/p>\n<p style=\"text-align: left;\"><strong>Jeste\u015bmy kwintesencj\u0105 niemieckiej in\u017cynierii wyra\u017con\u0105 w drewnie i wiemy, jak zrobi\u0107 go doskona\u0142ym!<\/strong><\/p>\n<p><img loading=\"lazy\" class=\"wp-image-672 alignnone\" data-src=\"https:\/\/rezult.pro\/wp-content\/uploads\/2016\/05\/IMG_9812-e1466769263186-1024x573.jpg\" alt=\"\" width=\"781\" height=\"437\" data-srcset=\"https:\/\/rezult.pro\/wp-content\/uploads\/2016\/05\/IMG_9812-e1466769263186-1024x573.jpg 1024w, https:\/\/rezult.pro\/wp-content\/uploads\/2016\/05\/IMG_9812-e1466769263186-300x168.jpg 300w, https:\/\/rezult.pro\/wp-content\/uploads\/2016\/05\/IMG_9812-e1466769263186-768x430.jpg 768w\" sizes=\"(max-width: 781px) 100vw, 781px\" \/><\/p>\n<p><strong><span style=\"color: #ff0000;\">Misja<\/span><\/strong><\/p>\n<p>Jeste\u015bmy nowoczesnym, zaawansowanym technologicznie producentem  MDF, tarcicy oraz pod\u0142\u00f3g laminowanych i wyr\u00f3\u017cniamy si\u0119 wysokimi, europejskimi standardami jako\u015bci naszych produkt\u00f3w.<\/p>\n<p>Drewno jest dla nas materia\u0142em, z kt\u00f3rego mo\u017cna stworzy\u0107 prawdziwe arcydzie\u0142a.<\/p>\n<p>Las sta\u0142 si\u0119 dla nas filozofi\u0105 \u017cycia, kt\u00f3ra \u0142\u0105czy cenn\u0105 wielowiekow\u0105 wiedz\u0119 i tradycje z nowoczesnymi, zaawansowanymi rozwi\u0105zaniami<\/p>\n<p><img loading=\"lazy\" class=\"wp-image-950 alignnone\" data-src=\"https:\/\/rezult.pro\/wp-content\/uploads\/2016\/04\/shutterstock_112644983.jpg\" alt=\"shutterstock_112644983\" width=\"257\" height=\"171\" data-srcset=\"https:\/\/rezult.pro\/wp-content\/uploads\/2016\/04\/shutterstock_112644983.jpg 1000w, https:\/\/rezult.pro\/wp-content\/uploads\/2016\/04\/shutterstock_112644983-300x200.jpg 300w, https:\/\/rezult.pro\/wp-content\/uploads\/2016\/04\/shutterstock_112644983-768x511.jpg 768w\" sizes=\"(max-width: 257px) 100vw, 257px\" \/><img loading=\"lazy\" class=\"wp-image-947 alignnone\" data-src=\"https:\/\/rezult.pro\/wp-content\/uploads\/2016\/04\/shutterstock_72905284.jpg\" alt=\"shutterstock_72905284\" width=\"257\" height=\"170\" data-srcset=\"https:\/\/rezult.pro\/wp-content\/uploads\/2016\/04\/shutterstock_72905284.jpg 1000w, https:\/\/rezult.pro\/wp-content\/uploads\/2016\/04\/shutterstock_72905284-300x199.jpg 300w, https:\/\/rezult.pro\/wp-content\/uploads\/2016\/04\/shutterstock_72905284-768x509.jpg 768w\" sizes=\"(max-width: 257px) 100vw, 257px\" \/><img loading=\"lazy\" class=\"wp-image-948 alignnone\" data-src=\"https:\/\/rezult.pro\/wp-content\/uploads\/2016\/04\/shutterstock_81773689.jpg\" alt=\"shutterstock_81773689\" width=\"256\" height=\"170\" data-srcset=\"https:\/\/rezult.pro\/wp-content\/uploads\/2016\/04\/shutterstock_81773689.jpg 1000w, https:\/\/rezult.pro\/wp-content\/uploads\/2016\/04\/shutterstock_81773689-300x200.jpg 300w, https:\/\/rezult.pro\/wp-content\/uploads\/2016\/04\/shutterstock_81773689-768x511.jpg 768w\" sizes=\"(max-width: 256px) 100vw, 256px\" \/><\/p>\n<p>REZULT, to przede wszystkim du\u017cy, profesjonalny zesp\u00f3\u0142, dla kt\u00f3rego g\u0142\u00f3wnymi warto\u015bciami s\u0105 uczciwo\u015b\u0107 w relacjach z klientami i partnerami, bezkompromisowo wysoka jako\u015b\u0107, d\u0105\u017cenie do doskona\u0142o\u015bci oraz rozw\u00f3j nowych technologii w bran\u017cy obr\u00f3bki drewna.<\/p>\n<p><span title=\"Wizja \"><strong><span style=\"color: #ff0000;\">Wizja<\/span><\/strong><\/span><\/p>\n<p><span title=\"W naszych decyzjach kierujemy si\u0119 interesem przysz\u0142ych pokole\u0144, dlatego, jedn\u0105 z g\u0142\u00f3wnych zasad prowadzenia biznesu jest dla nas przyjazno\u015b\u0107 produkcji do \u015brodowiska.\">W naszych decyzjach kierujemy si\u0119 interesem przysz\u0142ych pokole\u0144, dlatego, jedn\u0105 z g\u0142\u00f3wnych zasad prowadzenia biznesu jest dla nas przyjazno\u015b\u0107 produkcji do \u015brodowiska.<\/span><\/p>\n<p><span title=\"Zawsze pami\u0119tamy o  odpowiedzialno\u015bci spo\u0142ecznej, dlatego znaczn\u0105 cz\u0119\u015b\u0107 zysk\u00f3w firmy inwestujemy w programy spo\u0142eczne\">Zawsze pami\u0119tamy o  odpowiedzialno\u015bci spo\u0142ecznej, dlatego znaczn\u0105 cz\u0119\u015b\u0107 zysk\u00f3w firmy inwestujemy w programy spo\u0142eczne<\/span><\/p>\n<p><span title=\"Jeste\u015bmy odpowiedzialni i obowi\u0105zkowi, lojalni do klient\u00f3w i otwarci do wsp\u00f3\u0142pracy z nowymi partnerami\">Jeste\u015bmy odpowiedzialni i obowi\u0105zkowi, lojalni do klient\u00f3w i otwarci do wsp\u00f3\u0142pracy z nowymi partnerami<\/span><\/p>\n<p><span title=\"Nasza kompania sprzyja powstaniu nowych miejsc pracy z europejskimi warunkami i poziomem wynagrodze\u0144.\">Nasza kompania sprzyja powstaniu nowych miejsc pracy z europejskimi warunkami i poziomem wynagrodze\u0144.<\/span><\/p>\n<p><img loading=\"lazy\" class=\"wp-image-960 alignnone\" data-src=\"https:\/\/rezult.pro\/wp-content\/uploads\/2016\/04\/shutterstock_381623245.jpg\" alt=\"shutterstock_381623245\" width=\"259\" height=\"173\" data-srcset=\"https:\/\/rezult.pro\/wp-content\/uploads\/2016\/04\/shutterstock_381623245.jpg 1000w, https:\/\/rezult.pro\/wp-content\/uploads\/2016\/04\/shutterstock_381623245-300x200.jpg 300w, https:\/\/rezult.pro\/wp-content\/uploads\/2016\/04\/shutterstock_381623245-768x512.jpg 768w\" sizes=\"(max-width: 259px) 100vw, 259px\" \/><img loading=\"lazy\" class=\"wp-image-958 alignnone\" data-src=\"https:\/\/rezult.pro\/wp-content\/uploads\/2016\/04\/shutterstock_337840058.jpg\" alt=\"shutterstock_337840058\" width=\"259\" height=\"173\" data-srcset=\"https:\/\/rezult.pro\/wp-content\/uploads\/2016\/04\/shutterstock_337840058.jpg 1000w, https:\/\/rezult.pro\/wp-content\/uploads\/2016\/04\/shutterstock_337840058-300x200.jpg 300w, https:\/\/rezult.pro\/wp-content\/uploads\/2016\/04\/shutterstock_337840058-768x512.jpg 768w\" sizes=\"(max-width: 259px) 100vw, 259px\" \/><img loading=\"lazy\" class=\"wp-image-954 alignnone\" data-src=\"https:\/\/rezult.pro\/wp-content\/uploads\/2016\/04\/shutterstock_149513522.jpg\" alt=\"shutterstock_149513522\" width=\"259\" height=\"172\" data-srcset=\"https:\/\/rezult.pro\/wp-content\/uploads\/2016\/04\/shutterstock_149513522.jpg 1000w, https:\/\/rezult.pro\/wp-content\/uploads\/2016\/04\/shutterstock_149513522-300x200.jpg 300w, https:\/\/rezult.pro\/wp-content\/uploads\/2016\/04\/shutterstock_149513522-768x512.jpg 768w\" sizes=\"(max-width: 259px) 100vw, 259px\" \/><\/p>\n<p>Profesjonalizm i skuteczno\u015b\u0107, to s\u0105 dla nas g\u0142\u00f3wne warunki prowadzenia biznesu. Dzi\u0119ki temu, zawsze jeste\u015bmy poszukiwani i sukcesowi!<\/p>\n<p><span style=\"color: #ff0000;\"><strong>Zasady pracy<\/strong><\/span><\/p>\n<p><strong>Kontrola jako\u015bci<\/strong><\/p>\n<p>Ekipa naszych fachowc\u00f3w spe\u0142nia sta\u0142\u0105, rzeteln\u0105 kontrol\u0119 na wszystkich etapach produkcji &#8211; od zakupu surowc\u00f3w, do dostawy gotowego produktu konsumentowi.<\/p>\n<p><img loading=\"lazy\" class=\"wp-image-961 alignnone\" data-src=\"https:\/\/rezult.pro\/wp-content\/uploads\/2016\/04\/shutterstock_399187057.jpg\" alt=\"shutterstock_399187057\" width=\"261\" height=\"173\" data-srcset=\"https:\/\/rezult.pro\/wp-content\/uploads\/2016\/04\/shutterstock_399187057.jpg 1000w, https:\/\/rezult.pro\/wp-content\/uploads\/2016\/04\/shutterstock_399187057-300x199.jpg 300w, https:\/\/rezult.pro\/wp-content\/uploads\/2016\/04\/shutterstock_399187057-768x510.jpg 768w\" sizes=\"(max-width: 261px) 100vw, 261px\" \/><img loading=\"lazy\" class=\"wp-image-962 alignnone\" data-src=\"https:\/\/rezult.pro\/wp-content\/uploads\/2016\/04\/shutterstock_399187063.jpg\" alt=\"shutterstock_399187063\" width=\"260\" height=\"173\" data-srcset=\"https:\/\/rezult.pro\/wp-content\/uploads\/2016\/04\/shutterstock_399187063.jpg 1000w, https:\/\/rezult.pro\/wp-content\/uploads\/2016\/04\/shutterstock_399187063-300x199.jpg 300w, https:\/\/rezult.pro\/wp-content\/uploads\/2016\/04\/shutterstock_399187063-768x510.jpg 768w\" sizes=\"(max-width: 260px) 100vw, 260px\" \/><img loading=\"lazy\" class=\"wp-image-618 alignnone\" data-src=\"https:\/\/rezult.pro\/wp-content\/uploads\/2016\/04\/shutterstock_148187966.jpg\" alt=\"shutterstock_148187966\" width=\"259\" height=\"173\" data-srcset=\"https:\/\/rezult.pro\/wp-content\/uploads\/2016\/04\/shutterstock_148187966.jpg 1000w, https:\/\/rezult.pro\/wp-content\/uploads\/2016\/04\/shutterstock_148187966-300x200.jpg 300w, https:\/\/rezult.pro\/wp-content\/uploads\/2016\/04\/shutterstock_148187966-768x512.jpg 768w\" sizes=\"(max-width: 259px) 100vw, 259px\" \/><\/p>\n<div class=\"mceTemp\">\n<p><strong>Pe\u0142na automatyzacja produkcji<\/strong><\/p>\n<p>Nasz nowoczesny sprz\u0119t pozwala nam na wykonywanie wszystkich proces\u00f3w produkcyjnych: szybko, dok\u0142adnie, starannie oraz jako\u015bciowo.<\/p>\n<\/div>\n<p><img loading=\"lazy\" class=\"wp-image-152 alignnone\" data-src=\"https:\/\/rezult.pro\/wp-content\/uploads\/2016\/04\/IMG_4097-min.jpg\" alt=\"IMG_4097-min\" width=\"382\" height=\"255\" data-srcset=\"https:\/\/rezult.pro\/wp-content\/uploads\/2016\/04\/IMG_4097-min.jpg 3888w, https:\/\/rezult.pro\/wp-content\/uploads\/2016\/04\/IMG_4097-min-300x200.jpg 300w, https:\/\/rezult.pro\/wp-content\/uploads\/2016\/04\/IMG_4097-min-768x512.jpg 768w, https:\/\/rezult.pro\/wp-content\/uploads\/2016\/04\/IMG_4097-min-1024x683.jpg 1024w\" sizes=\"(max-width: 382px) 100vw, 382px\" \/>\u00a0<img loading=\"lazy\" class=\"wp-image-150 alignnone\" data-src=\"https:\/\/rezult.pro\/wp-content\/uploads\/2016\/04\/IMG_4036_1-min.jpg\" alt=\"IMG_4036_1-min\" width=\"382\" height=\"255\" data-srcset=\"https:\/\/rezult.pro\/wp-content\/uploads\/2016\/04\/IMG_4036_1-min.jpg 3888w, https:\/\/rezult.pro\/wp-content\/uploads\/2016\/04\/IMG_4036_1-min-300x200.jpg 300w, https:\/\/rezult.pro\/wp-content\/uploads\/2016\/04\/IMG_4036_1-min-768x512.jpg 768w, https:\/\/rezult.pro\/wp-content\/uploads\/2016\/04\/IMG_4036_1-min-1024x683.jpg 1024w\" sizes=\"(max-width: 382px) 100vw, 382px\" \/><\/p>\n<p><strong>Innowacja<\/strong><\/p>\n<p>Naszym klientom, proponujemy innowacyjne rozwi\u0105zania w produkcji materia\u0142\u00f3w drewnianych, a tak\u017ce ciekawe kompleksowe propozycje, kt\u00f3re nie pozostawiaj\u0105 nikogo oboj\u0119tnym.<\/p>\n<p><img loading=\"lazy\" class=\"wp-image-154 alignnone\" data-src=\"https:\/\/rezult.pro\/wp-content\/uploads\/2016\/04\/IMG_4100_1-min-1.jpg\" alt=\"IMG_4100_1-min\" width=\"382\" height=\"255\" data-srcset=\"https:\/\/rezult.pro\/wp-content\/uploads\/2016\/04\/IMG_4100_1-min-1.jpg 3888w, https:\/\/rezult.pro\/wp-content\/uploads\/2016\/04\/IMG_4100_1-min-1-300x200.jpg 300w, https:\/\/rezult.pro\/wp-content\/uploads\/2016\/04\/IMG_4100_1-min-1-768x512.jpg 768w, https:\/\/rezult.pro\/wp-content\/uploads\/2016\/04\/IMG_4100_1-min-1-1024x683.jpg 1024w\" sizes=\"(max-width: 382px) 100vw, 382px\" \/>\u00a0<img loading=\"lazy\" class=\"wp-image-648 alignnone\" data-src=\"https:\/\/rezult.pro\/wp-content\/uploads\/2016\/04\/DSC_5229.jpg\" alt=\"DSC_5229\" width=\"384\" height=\"255\" data-srcset=\"https:\/\/rezult.pro\/wp-content\/uploads\/2016\/04\/DSC_5229.jpg 4256w, https:\/\/rezult.pro\/wp-content\/uploads\/2016\/04\/DSC_5229-300x200.jpg 300w, https:\/\/rezult.pro\/wp-content\/uploads\/2016\/04\/DSC_5229-768x511.jpg 768w, https:\/\/rezult.pro\/wp-content\/uploads\/2016\/04\/DSC_5229-1024x681.jpg 1024w\" sizes=\"(max-width: 384px) 100vw, 384px\" \/><\/p>\n<p><strong>Orientacja na klienta<\/strong><\/p>\n<p>Wszystkie zam\u00f3wienia realizujemy w maksymalnie kr\u00f3tkich terminach. Do pracy podchodzimy odpowiedzialnie i uwa\u017cnie, uwzgl\u0119dniaj\u0105c na wszystkie \u017cyczenia i wymogi klient\u00f3w. Nam mo\u017cna powierzy\u0107 nawet najtrudniejsze zadania.<\/p>\n<p><strong>\u00a0<\/strong><\/p>","protected":false},"excerpt":{"rendered":"<p>Jeste\u015bmy kwintesencj\u0105 niemieckiej in\u017cynierii wyra\u017con\u0105 w drewnie i wiemy, jak zrobi\u0107 go doskona\u0142ym! Misja Jeste\u015bmy nowoczesnym, zaawansowanym technologicznie producentem MDF, tarcicy oraz pod\u0142\u00f3g laminowanych i wyr\u00f3\u017cniamy si\u0119 wysokimi, europejskimi standardami jako\u015bci naszych produkt\u00f3w. Drewno jest dla nas materia\u0142em, z kt\u00f3rego mo\u017cna stworzy\u0107 prawdziwe arcydzie\u0142a. Las sta\u0142 si\u0119 dla nas filozofi\u0105 \u017cycia, kt\u00f3ra \u0142\u0105czy cenn\u0105 wielowiekow\u0105 [&hellip;]<\/p>\n","protected":false},"author":1,"featured_media":0,"parent":0,"menu_order":0,"comment_status":"closed","ping_status":"closed","template":"","meta":[],"acf":[],"_links":{"self":[{"href":"https:\/\/rezult.pro\/pl\/wp-json\/wp\/v2\/pages\/240"}],"collection":[{"href":"https:\/\/rezult.pro\/pl\/wp-json\/wp\/v2\/pages"}],"about":[{"href":"https:\/\/rezult.pro\/pl\/wp-json\/wp\/v2\/types\/page"}],"author":[{"embeddable":true,"href":"https:\/\/rezult.pro\/pl\/wp-json\/wp\/v2\/users\/1"}],"replies":[{"embeddable":true,"href":"https:\/\/rezult.pro\/pl\/wp-json\/wp\/v2\/comments?post=240"}],"version-history":[{"count":0,"href":"https:\/\/rezult.pro\/pl\/wp-json\/wp\/v2\/pages\/240\/revisions"}],"wp:attachment":[{"href":"https:\/\/rezult.pro\/pl\/wp-json\/wp\/v2\/media?parent=240"}],"curies":[{"name":"wp","href":"https:\/\/api.w.org\/{rel}","templated":true}]}}