
{"id":351,"date":"2016-04-30T12:59:14","date_gmt":"2016-04-30T09:59:14","guid":{"rendered":"https:\/\/rezult.pro\/?page_id=351"},"modified":"2023-01-30T14:34:27","modified_gmt":"2023-01-30T12:34:27","slug":"downloads-finance","status":"publish","type":"page","link":"https:\/\/rezult.pro\/pl\/downloads-finance\/","title":{"rendered":"Sprawozdawczo\u015b\u0107 finansowa"},"content":{"rendered":"<p><\/p>\n<h4 class=\"h4 title-margin\">Rezultat, kt\u00f3ry zabezpiecza REZULT to nie tylko prosty materia\u0142.<br \/>\nWynik &#8211; tse gwarantuje, \u017ce b\u0119dziesz mia\u0142 podstaw\u0119 na d\u0142u\u017csz\u0105 met\u0119. Jestem g\u0142\u0119boko przekonany, \u017ce dokona\u0142e\u015b w\u0142a\u015bciwego wyboru i dokona\u0142e\u015b w\u0142a\u015bciwego zakupu<\/h4>\n<p><\/p>","protected":false},"excerpt":{"rendered":"<p>Rezultat, kt\u00f3ry zabezpiecza REZULT to nie tylko prosty materia\u0142. Wynik &#8211; tse gwarantuje, \u017ce b\u0119dziesz mia\u0142 podstaw\u0119 na d\u0142u\u017csz\u0105 met\u0119. Jestem g\u0142\u0119boko przekonany, \u017ce dokona\u0142e\u015b w\u0142a\u015bciwego wyboru i dokona\u0142e\u015b w\u0142a\u015bciwego zakupu<\/p>\n","protected":false},"author":1,"featured_media":0,"parent":0,"menu_order":0,"comment_status":"closed","ping_status":"closed","template":"page-downloads.php","meta":[],"acf":[],"_links":{"self":[{"href":"https:\/\/rezult.pro\/pl\/wp-json\/wp\/v2\/pages\/351"}],"collection":[{"href":"https:\/\/rezult.pro\/pl\/wp-json\/wp\/v2\/pages"}],"about":[{"href":"https:\/\/rezult.pro\/pl\/wp-json\/wp\/v2\/types\/page"}],"author":[{"embeddable":true,"href":"https:\/\/rezult.pro\/pl\/wp-json\/wp\/v2\/users\/1"}],"replies":[{"embeddable":true,"href":"https:\/\/rezult.pro\/pl\/wp-json\/wp\/v2\/comments?post=351"}],"version-history":[{"count":0,"href":"https:\/\/rezult.pro\/pl\/wp-json\/wp\/v2\/pages\/351\/revisions"}],"wp:attachment":[{"href":"https:\/\/rezult.pro\/pl\/wp-json\/wp\/v2\/media?parent=351"}],"curies":[{"name":"wp","href":"https:\/\/api.w.org\/{rel}","templated":true}]}}