
{"id":480,"date":"2016-05-11T15:15:11","date_gmt":"2016-05-11T12:15:11","guid":{"rendered":"https:\/\/rezult.pro\/?page_id=480"},"modified":"2022-06-23T15:20:32","modified_gmt":"2022-06-23T13:20:32","slug":"news","status":"publish","type":"page","link":"https:\/\/rezult.pro\/pl\/news\/","title":{"rendered":"Wiadomo\u015bci"},"content":{"rendered":"<p class=\"qtranxs-available-languages-message qtranxs-available-languages-message-pl\">Przepraszamy, ten wpis jest dost\u0119pny tylko w j\u0119zyku <a href=\"https:\/\/rezult.pro\/ua\/wp-json\/wp\/v2\/pages\/480\" class=\"qtranxs-available-language-link qtranxs-available-language-link-ua\" title=\"UA\">Ukrai\u0144ski<\/a>.<\/p>","protected":false},"excerpt":{"rendered":"<p>Przepraszamy, ten wpis jest dost\u0119pny tylko w j\u0119zyku Ukrai\u0144ski.<\/p>\n","protected":false},"author":1,"featured_media":0,"parent":0,"menu_order":0,"comment_status":"closed","ping_status":"closed","template":"","meta":[],"acf":[],"_links":{"self":[{"href":"https:\/\/rezult.pro\/pl\/wp-json\/wp\/v2\/pages\/480"}],"collection":[{"href":"https:\/\/rezult.pro\/pl\/wp-json\/wp\/v2\/pages"}],"about":[{"href":"https:\/\/rezult.pro\/pl\/wp-json\/wp\/v2\/types\/page"}],"author":[{"embeddable":true,"href":"https:\/\/rezult.pro\/pl\/wp-json\/wp\/v2\/users\/1"}],"replies":[{"embeddable":true,"href":"https:\/\/rezult.pro\/pl\/wp-json\/wp\/v2\/comments?post=480"}],"version-history":[{"count":0,"href":"https:\/\/rezult.pro\/pl\/wp-json\/wp\/v2\/pages\/480\/revisions"}],"wp:attachment":[{"href":"https:\/\/rezult.pro\/pl\/wp-json\/wp\/v2\/media?parent=480"}],"curies":[{"name":"wp","href":"https:\/\/api.w.org\/{rel}","templated":true}]}}