
{"id":5193,"date":"2023-03-10T16:50:41","date_gmt":"2023-03-10T14:50:41","guid":{"rendered":"https:\/\/rezult.pro\/?page_id=5193"},"modified":"2023-03-11T07:50:28","modified_gmt":"2023-03-11T05:50:28","slug":"%d0%b1%d0%bb%d0%be%d0%ba-%d1%82%d0%b5%d0%ba%d1%81%d1%82-%d1%84%d0%be%d1%82%d0%be-%d0%bf%d1%96%d0%b4-%d1%81%d0%bb%d0%b0%d0%b9%d0%b4%d0%b5%d1%80%d0%be%d0%bc","status":"publish","type":"page","link":"https:\/\/rezult.pro\/pl\/%d0%b1%d0%bb%d0%be%d0%ba-%d1%82%d0%b5%d0%ba%d1%81%d1%82-%d1%84%d0%be%d1%82%d0%be-%d0%bf%d1%96%d0%b4-%d1%81%d0%bb%d0%b0%d0%b9%d0%b4%d0%b5%d1%80%d0%be%d0%bc\/","title":{"rendered":"Block text-photo under slider"},"content":{"rendered":"<p><\/p>\n<h2>REZULT<\/h2>\n<p>Ukrai\u0144skie gospodarstwo zajmuj\u0105ce si\u0119 pe\u0142n\u0105 obr\u00f3bk\u0105 drewna. Produkujemy wszystkie rodzaje wyrob\u00f3w z drewna: drewno konstrukcyjne BSH\/KVH, belki klejone, CLT, pellet, MDF, parkiet i laminat, elementy meblowe, p\u0142yty meblowe, drzwi itp. Ca\u0142e drewno jest certyfikowane i podlega \u015bcis\u0142ej kontroli.<\/p>\n<h3>FABRYKA P\u0141YT MDF<\/h3>\n<p><a class=\"js-videopopup\" href=\"#\" data-video=\"QbkOBE-UVsk\">OBEJRZE\u0106 FILM<\/a><br \/>\n<a href=\"#\">KATALOG PRODUKT\u00d3W<\/a><\/p>\n<h3>PRZEDSI\u0118BIORSTWO TARTACZNE<\/h3>\n<p><a class=\"js-videopopup\" href=\"#\" data-video=\"J6YuBHshwgs\">OBEJRZE\u0106 FILM<\/a><br \/>\n<a href=\"#\">KATALOG PRODUKT\u00d3W<\/a><\/p>","protected":false},"excerpt":{"rendered":"<p>REZULT Ukrai\u0144skie gospodarstwo zajmuj\u0105ce si\u0119 pe\u0142n\u0105 obr\u00f3bk\u0105 drewna. Produkujemy wszystkie rodzaje wyrob\u00f3w z drewna: drewno konstrukcyjne BSH\/KVH, belki klejone, CLT, pellet, MDF, parkiet i laminat, elementy meblowe, p\u0142yty meblowe, drzwi itp. Ca\u0142e drewno jest certyfikowane i podlega \u015bcis\u0142ej kontroli. FABRYKA P\u0141YT MDF OBEJRZE\u0106 FILM KATALOG PRODUKT\u00d3W PRZEDSI\u0118BIORSTWO TARTACZNE OBEJRZE\u0106 FILM KATALOG PRODUKT\u00d3W<\/p>\n","protected":false},"author":7,"featured_media":0,"parent":0,"menu_order":0,"comment_status":"closed","ping_status":"closed","template":"","meta":[],"acf":[],"_links":{"self":[{"href":"https:\/\/rezult.pro\/pl\/wp-json\/wp\/v2\/pages\/5193"}],"collection":[{"href":"https:\/\/rezult.pro\/pl\/wp-json\/wp\/v2\/pages"}],"about":[{"href":"https:\/\/rezult.pro\/pl\/wp-json\/wp\/v2\/types\/page"}],"author":[{"embeddable":true,"href":"https:\/\/rezult.pro\/pl\/wp-json\/wp\/v2\/users\/7"}],"replies":[{"embeddable":true,"href":"https:\/\/rezult.pro\/pl\/wp-json\/wp\/v2\/comments?post=5193"}],"version-history":[{"count":0,"href":"https:\/\/rezult.pro\/pl\/wp-json\/wp\/v2\/pages\/5193\/revisions"}],"wp:attachment":[{"href":"https:\/\/rezult.pro\/pl\/wp-json\/wp\/v2\/media?parent=5193"}],"curies":[{"name":"wp","href":"https:\/\/api.w.org\/{rel}","templated":true}]}}