
{"id":80,"date":"2016-04-27T21:12:51","date_gmt":"2016-04-27T18:12:51","guid":{"rendered":"https:\/\/rezult.pro\/?page_id=80"},"modified":"2022-06-21T11:24:13","modified_gmt":"2022-06-21T09:24:13","slug":"mdf-catalog","status":"publish","type":"page","link":"https:\/\/rezult.pro\/pl\/mdf-catalog\/","title":{"rendered":"Produkty Rezult"},"content":{"rendered":"<p><\/p>\n<p align=\"LEFT\">Rezultat, kt\u00f3ry zapewnia REZULT, to gwarancja, \u017ce \u200b\u200bprzez reszt\u0119 \u017cycia b\u0119dziesz mia\u0142 pod stopami mocny fundament. Tse to mocne przekonanie, wi\u0119c widzisz.<\/p>\n<p><\/p>","protected":false},"excerpt":{"rendered":"<p>Rezultat, kt\u00f3ry zapewnia REZULT, to gwarancja, \u017ce \u200b\u200bprzez reszt\u0119 \u017cycia b\u0119dziesz mia\u0142 pod stopami mocny fundament. Tse to mocne przekonanie, wi\u0119c widzisz.<\/p>\n","protected":false},"author":1,"featured_media":0,"parent":0,"menu_order":0,"comment_status":"closed","ping_status":"closed","template":"","meta":[],"acf":[],"_links":{"self":[{"href":"https:\/\/rezult.pro\/pl\/wp-json\/wp\/v2\/pages\/80"}],"collection":[{"href":"https:\/\/rezult.pro\/pl\/wp-json\/wp\/v2\/pages"}],"about":[{"href":"https:\/\/rezult.pro\/pl\/wp-json\/wp\/v2\/types\/page"}],"author":[{"embeddable":true,"href":"https:\/\/rezult.pro\/pl\/wp-json\/wp\/v2\/users\/1"}],"replies":[{"embeddable":true,"href":"https:\/\/rezult.pro\/pl\/wp-json\/wp\/v2\/comments?post=80"}],"version-history":[{"count":0,"href":"https:\/\/rezult.pro\/pl\/wp-json\/wp\/v2\/pages\/80\/revisions"}],"wp:attachment":[{"href":"https:\/\/rezult.pro\/pl\/wp-json\/wp\/v2\/media?parent=80"}],"curies":[{"name":"wp","href":"https:\/\/api.w.org\/{rel}","templated":true}]}}