
{"id":819,"date":"2016-05-24T09:37:46","date_gmt":"2016-05-24T06:37:46","guid":{"rendered":"https:\/\/rezult.pro\/?page_id=819"},"modified":"2022-06-21T21:06:59","modified_gmt":"2022-06-21T19:06:59","slug":"%d0%bf%d1%80%d0%b8%d0%bc%d0%b5%d0%bd%d0%b5%d0%bd%d0%b8%d0%b5-%d0%bc%d0%b4%d1%84","status":"publish","type":"page","link":"https:\/\/rezult.pro\/pl\/%d0%bf%d1%80%d0%b8%d0%bc%d0%b5%d0%bd%d0%b5%d0%bd%d0%b8%d0%b5-%d0%bc%d0%b4%d1%84\/","title":{"rendered":"Zastosowanie mdf"},"content":{"rendered":"<p><\/p>\n<p style=\"text-align: justify;\"><strong><span style=\"text-decoration: underline;\"><span style=\"color: #ff0000; text-decoration: underline;\">W bran\u017cy meblarskiej<\/span><\/span><\/strong><\/p>\n<p style=\"text-align: justify;\">Elementy gi\u0119te do mebli, wyposa\u017cenia handlowego i wyposa\u017cenia wn\u0119trz<\/p>\n<p>Dno skrzynek meblowych i tylne \u015bcianki szafek (do tych cel\u00f3w doskonale sprawdza si\u0119 r\u00f3wnie\u017c cienki HDF)<br \/>\nProdukcja elewacji meblowych pod ok\u0142adziny PCV, fornir, malowanie<\/p>\n<p>Produkcja blat\u00f3w<\/p>\n<p>Listwy meblowe (elementy konstrukcji szkieletowej elewacji itp.)<\/p>\n<p>Produkcja mebli (szafowych, kuchennych, biurowych, dzieci\u0119cych i nietypowych)<\/p>\n<p>Produkcja mebli do magazyn\u00f3w i sklep\u00f3w (produkcja rega\u0142\u00f3w itp.)<\/p>\n<p>Profile do fasad szkieletowych mebli<\/p>\n<p style=\"text-align: justify;\"><strong><span style=\"text-decoration: underline;\"><span style=\"color: #ff0000; text-decoration: underline;\">W budowie<\/span><\/span><\/strong><\/p>\n<p style=\"text-align: justify;\">Poziomowanie \u015bcian i ich przygotowanie do wyko\u0144czenia<\/p>\n<p>\u201ePrzy wyr\u00f3wnywaniu \u015bcian bardzo wa\u017cna jest jako\u015b\u0107 powierzchni deski &#8211; podstawa, zw\u0142aszcza przy przygotowywaniu \u015bcian do wyko\u0144czenia. Dlatego MDF jest bardziej odpowiednim materia\u0142em do tych prac, poniewa\u017c jest wolny od takich wewn\u0119trznych i zewn\u0119trznych wad jak zachodzenie okleiny, zacinanie si\u0119 i odpadanie s\u0119k\u00f3w i dziur od nich, p\u0119kni\u0119cia. Ponadto p\u0142yty MDF maj\u0105 wysok\u0105 izolacyjno\u015b\u0107 ciepln\u0105 i akustyczn\u0105: wsp\u00f3\u0142czynnik izolacyjno\u015bci akustycznej sklejki &#8211; 20 dB, a MDF &#8211; 24 dB; P\u0142yty MDF o grubo\u015bci 12 mm odpowiadaj\u0105 \u015bcianie z ceg\u0142y o grubo\u015bci 150 mm lub p\u0142ycie \u017celbetowej o grubo\u015bci 260 mm. Podczas wyr\u00f3wnywania \u015bcian zaleca si\u0119 stosowanie p\u0142yt MDF w po\u0142\u0105czeniu z p\u0142yt\u0105 kartonowo-gipsow\u0105. P\u0142yta MDF b\u0119dzie niezast\u0105piona w przypadkach, gdy do mocowania konstrukcji na zawiasach wymagane s\u0105 wysokie warto\u015bci g\u0119sto\u015bci. MDF w przeciwie\u0144stwie do p\u0142yt kartonowo-gipsowych nie kruszy si\u0119. \u201d<\/p>\n<p>Dokonywanie parapet\u00f3w<\/p>\n<p>Domki i zabudowa niskia<\/p>\n<p>Laminowane pod\u0142ogi z MDF (HDF)<\/p>\n<p>Krata dach\u00f3w dom\u00f3w druga warstwa do ocieplenia dach\u00f3w pomieszcze\u0144<\/p>\n<p>pod warunkiem cz\u0119stszego kroku dla pod\u0142\u00f3g lanych, materia\u0142 ten mo\u017ce by\u0107 bezpiecznie stosowany w kratach zamiast dro\u017cszych materia\u0142\u00f3w, a tak\u017ce jako druga warstwa do izolacji dach\u00f3w lokali mieszkalnych i niemieszkalnych. Dla wi\u0119kszego efektu przed u\u0142o\u017ceniem p\u0142yty MDF mo\u017cna pokry\u0107 wodoodpornym olejem lub zwyk\u0142\u0105 farb\u0105 olejn\u0105, co wyd\u0142u\u017ca \u017cywotno\u015b\u0107 takiego dachu<\/p>\n<p>\u015acianki dzia\u0142owe w biurach i przestrzeniach mieszkalnych, tworzenie \u0142uk\u00f3w, kolumn i innych element\u00f3w wn\u0119trz<\/p>\n<p>MDF ma idealnie p\u0142ask\u0105 powierzchni\u0119 i minimalne odchylenia w d\u0142ugo\u015bci\/szeroko\u015bci arkusza, co wp\u0142ywa na jako\u015b\u0107 wyr\u00f3wnywania \u015bcian, tworzenia \u0142uk\u00f3w, kolumn i innych element\u00f3w wn\u0119trza.<\/p>\n<p>Gi\u0119te detale do dekorowania wn\u0119trz<\/p>\n<p>Panele sufitowe<\/p>\n<p>Panele wykonane z MDF mo\u017cna \u0142atwo zamieni\u0107 w sufity podwieszane &#8211; w restauracjach, kawiarniach, hotelach, sklepach. Jednocze\u015bnie dzi\u0119ki perforacji systemy wentylacyjne i nawiewniki (nawiewne i wywiewne) mo\u017cna umieszcza\u0107 za panelami bez wypuszczania ich na zewn\u0105trz, a ich wygl\u0105d nie psuje wn\u0119trza pomieszczenia.<\/p>\n<p>Produkcja drzwi (do wyko\u0144czenia foli\u0105 dekoracyjn\u0105, oklein\u0105 lub malowaniem itp.)<\/p>\n<p>\u201eDrzwi mog\u0105 by\u0107 proste (drewniana rama, wy\u0142o\u017cona cienkimi arkuszami MDF, z wype\u0142niaczami o strukturze plastra miodu) i wykonane z litej p\u0142yty z frezowanych \u201efa\u0142szywych\u201d\u201d paneli \u201elub prefabrykowanych \u2013 jak zwyk\u0142e drewniane drzwi\u201d.<\/p>\n<p>Panele \u015bcienne<\/p>\n<p>Listwy budowlane (coko\u0142y, gzymsy, listwy coko\u0142owe itp.)<\/p>\n<p>Stopnie, balustrady i tralki schod\u00f3w wewn\u0119trznych, siedziska, rega\u0142y<\/p>\n<p>Izolacja cieplna i akustyczna<\/p>\n<p>Szorstkie pod\u0142ogi<\/p>\n<p>Belki teowe do konstrukcji monolitycznych z MDF<\/p>\n<p>Rdze\u0144 belki do deskowania p\u0142yt stropowych, stosowany w budownictwie monolitycznym, mo\u017ce by\u0107 r\u00f3wnie\u017c wykonany z p\u0142yty MDF o grubo\u015bci 24 mm. Ta\u0144sza produkcja, p\u0142yta MDF pozwala zachowa\u0107 wszystkie niezb\u0119dne w\u0142a\u015bciwo\u015bci u\u017cytkowe. Klejenie belki odbywa si\u0119 za pomoc\u0105 wodoodpornego kleju. Belka pomalowana jest wodoodporn\u0105 farb\u0105 akrylow\u0105 na bazie wody.<\/p>\n<p>Perforowana p\u0142yta HDF do dekoracyjnego wyko\u0144czenia<\/p>\n<p>&nbsp;<\/p>\n<p style=\"text-align: justify;\"><strong><span style=\"text-decoration: underline;\"><span style=\"color: #ff0000; text-decoration: underline;\">W innych obszarach<\/span><\/span><\/strong><\/p>\n<p style=\"text-align: justify;\">Budowa samochod\u00f3w i samolot\u00f3w (do wyka\u0144czania wn\u0119trz samochod\u00f3w, tramwaj\u00f3w, autobus\u00f3w itp.)<\/p>\n<p>Billboardy i szyldy, konstrukcje wystawowe<\/p>\n<p>Opakowania magazynowe, opakowania wielokrotnego u\u017cytku do produkt\u00f3w niespo\u017cywczych <\/br><br \/>\nBudowa dom\u00f3w mobilnych i kontenerowych, przyczep handlowych, zegarmistrz\u00f3w itp.<\/p>\n<p>Rega\u0142y, p\u00f3\u0142ki, lady, konstrukcje uchylne, witryny do aran\u017cacji magazyn\u00f3w i plac\u00f3wek MDF jest praktycznie niezast\u0105piony przy aran\u017cacji magazyn\u00f3w: rega\u0142y i lady z MDF s\u0105 mocne i niezawodne, maj\u0105 g\u0142adk\u0105 powierzchni\u0119, nie wyginaj\u0105 si\u0119, nie wypaczaj\u0105 i maj\u0105 w por\u00f3wnaniu z drzewem i p\u0142yt\u0105 wi\u00f3row\u0105 zwi\u0119kszon\u0105 ognioodporno\u015b\u0107. Ponadto nasza firma jest gotowa zaoferowa\u0107 dostaw\u0119 p\u0142yty MDF o d\u0142ugo\u015bci 3660 mm, kt\u00f3ra pozwoli na wykonanie rega\u0142\u00f3w bez zb\u0119dnych \u0142\u0105cze\u0144 i \u0142\u0105cze\u0144. MDF stosuje si\u0119 r\u00f3wnie\u017c do ok\u0142adzin \u015bciennych zar\u00f3wno w magazynach, jak i w centrach handlowych, tworz\u0105c witryny sklepowe i meble handlowe.<\/p>\n<p>Tarcze przeciwpo\u017carowe<\/p>\n<p>Obudowy i nogi pianina i innych instrument\u00f3w muzycznych<\/p>\n<p>Ponadto p\u0142yta MDF wykorzystywana jest do produkcji:<\/p>\n<p>G\u0142o\u015bniki, tylne \u015bcianki i os\u0142ony radia, reduktory w bran\u017cy radiowej<\/p>","protected":false},"excerpt":{"rendered":"<p>W bran\u017cy meblarskiej Elementy gi\u0119te do mebli, wyposa\u017cenia handlowego i wyposa\u017cenia wn\u0119trz Dno skrzynek meblowych i tylne \u015bcianki szafek (do tych cel\u00f3w doskonale sprawdza si\u0119 r\u00f3wnie\u017c cienki HDF) Produkcja elewacji meblowych pod ok\u0142adziny PCV, fornir, malowanie Produkcja blat\u00f3w Listwy meblowe (elementy konstrukcji szkieletowej elewacji itp.) Produkcja mebli (szafowych, kuchennych, biurowych, dzieci\u0119cych i nietypowych) Produkcja mebli [&hellip;]<\/p>\n","protected":false},"author":1,"featured_media":0,"parent":0,"menu_order":0,"comment_status":"closed","ping_status":"closed","template":"","meta":[],"acf":[],"_links":{"self":[{"href":"https:\/\/rezult.pro\/pl\/wp-json\/wp\/v2\/pages\/819"}],"collection":[{"href":"https:\/\/rezult.pro\/pl\/wp-json\/wp\/v2\/pages"}],"about":[{"href":"https:\/\/rezult.pro\/pl\/wp-json\/wp\/v2\/types\/page"}],"author":[{"embeddable":true,"href":"https:\/\/rezult.pro\/pl\/wp-json\/wp\/v2\/users\/1"}],"replies":[{"embeddable":true,"href":"https:\/\/rezult.pro\/pl\/wp-json\/wp\/v2\/comments?post=819"}],"version-history":[{"count":0,"href":"https:\/\/rezult.pro\/pl\/wp-json\/wp\/v2\/pages\/819\/revisions"}],"wp:attachment":[{"href":"https:\/\/rezult.pro\/pl\/wp-json\/wp\/v2\/media?parent=819"}],"curies":[{"name":"wp","href":"https:\/\/api.w.org\/{rel}","templated":true}]}}