
{"id":821,"date":"2016-05-24T09:38:27","date_gmt":"2016-05-24T06:38:27","guid":{"rendered":"https:\/\/rezult.pro\/?page_id=821"},"modified":"2022-06-21T21:00:12","modified_gmt":"2022-06-21T19:00:12","slug":"%d0%bf%d1%80%d0%b5%d0%b8%d0%bc%d1%83%d1%89%d0%b5%d1%81%d1%82%d0%b2%d0%b0-%d0%bc%d0%b4%d1%84","status":"publish","type":"page","link":"https:\/\/rezult.pro\/pl\/%d0%bf%d1%80%d0%b5%d0%b8%d0%bc%d1%83%d1%89%d0%b5%d1%81%d1%82%d0%b2%d0%b0-%d0%bc%d0%b4%d1%84\/","title":{"rendered":"Zalety MDF"},"content":{"rendered":"<p>MDF r\u00f3\u017cni si\u0119 od alternatywnych materia\u0142\u00f3w szeregiem zalet:<\/p>\n<p><strong>KOSZT<\/p>\n<p><\/strong>\u2013 Koszt p\u0142yt MDF jest co najmniej 60-70% ta\u0144szy ni\u017c naturalnego drewna.<strong><\/p>\n<p>W\u0141A\u015aCIWO\u015aCI FIZYKO-MECHANICZNE <\/p>\n<p>&#8211; <\/strong>MDF, pomimo ni\u017cszego kosztu, przewy\u017csza naturalne drewno pod wzgl\u0119dem w\u0142a\u015bciwo\u015bci fizycznych i mechanicznych, poniewa\u017c MDF pozbawiony jest niejednorodno\u015bci w\u0142a\u015bciwo\u015bci i wad wewn\u0119trznych drewna, takich jak s\u0119ki, p\u0119kni\u0119cia, a twardo\u015b\u0107 MDF jest wy\u017csza od twardo\u015bci najcz\u0119\u015bciej spotykane gatunki drewna.<\/p>\n<p>\u2013 MDF jest znacznie mniej wypaczony, ma wysok\u0105 g\u0119sto\u015b\u0107, a taki wska\u017anik jak \u201eraznotolshchinnost\u201d praktycznie nie ma zastosowania do MDF.<\/p>\n<p>\u2013 MDF ma r\u00f3wnomierny rozk\u0142ad w\u0142a\u015bciwo\u015bci w ca\u0142ym korpusie p\u0142yty<\/p>\n<p>\u2013 Wytrzyma\u0142o\u015b\u0107 p\u0142yty MDF jest 1,8-2 razy wi\u0119ksza ni\u017c wytrzyma\u0142o\u015b\u0107 p\u0142yty wi\u00f3rowej. Wytrzyma\u0142o\u015b\u0107 MDF zapewnia nie tylko zastosowanie \u017cywic syntetycznych, ale tak\u017ce udzia\u0142 naturalnych spoiw w interakcji mi\u0119dzyw\u0142\u00f3knowej (lignina)<\/p>\n<p>\u2013 MDF ma wielokrotnie ni\u017cszy wsp\u00f3\u0142czynnik p\u0119cznienia ni\u017c p\u0142yta wi\u00f3rowa<\/p>\n<p>\u2013 P\u0142yty MDF maj\u0105 minimaln\u0105 r\u00f3\u017cnic\u0119 grubo\u015bci i wielko\u015bci arkusza<\/p>\n<p>\u2013 MDF nie traci kszta\u0142tu przy gwa\u0142townym spadku temperatury<\/p>\n<p>\u2013 MDF nie kruszy si\u0119<strong><\/p>\n<p>ODPORNO\u015a\u0106 NA WILGO\u0106 I ODPORNO\u015a\u0106 NA OSCYLACJE TEMPERATURY<\/p>\n<p>&#8211; <\/strong>Ze wzgl\u0119du na wysok\u0105 odporno\u015b\u0107 na wilgo\u0107 MDF znajduje zastosowanie w produkcji mebli kuchennych oraz mebli \u0142azienkowych. Pod wp\u0142ywem pary meble MDF nie \u017c\u0142opi\u0105.<\/p>\n<p>\u2013 P\u0142yty MDF bardzo dobrze znosz\u0105 dzia\u0142anie pary kuchennej \u2013 nie p\u0119czniej\u0105 ani nie wypaczaj\u0105 si\u0119<\/p>\n<p><strong>WYSOKI POZIOM W\u0141A\u015aCIWO\u015aCI TERMICZNYCH<\/strong><\/p>\n<p>\u2013 Pod wzgl\u0119dem w\u0142a\u015bciwo\u015bci termoizolacyjnych p\u0142yty MDF o grubo\u015bci 12 mm odpowiadaj\u0105 \u015bcianie z ceg\u0142y o grubo\u015bci 150 mm lub p\u0142ycie \u017celbetowej o grubo\u015bci 260 mm.<strong><\/p>\n<p>WYSOKI POZIOM IZOLACJI AKUSTYCZNEJ<\/p>\n<p>&#8211;<\/strong> P\u0142yty MDF maj\u0105 wysoki poziom poch\u0142aniania ha\u0142asu<strong><\/p>\n<p>TECHNOLOGIA, DAJ\u0104 PRZESTRZE\u0143 NA WDRO\u017bENIE ROZWI\u0104ZA\u0143 PROJEKTOWYCH<\/p>\n<p><\/strong>&#8211; MDF jest \u0142atwo laminowany i fornirowany, dzi\u0119ki idealnie g\u0142adkiej powierzchni, w przeciwie\u0144stwie do p\u0142yt wi\u00f3rowych<\/p>\n<p>\u2013 MDF jest \u0142atwy i ekonomiczny w malowaniu, dzi\u0119ki idealnie p\u0142askiej solidnej powierzchni, kt\u00f3ra wch\u0142ania mniej farby ni\u017c p\u0142yta wi\u00f3rowa, co zmniejsza jej zu\u017cycie<\/p>\n<p>\u2013 MDF nadaje si\u0119 do wyt\u0142aczania powierzchni, co jest niemo\u017cliwe w przypadku p\u0142yty wi\u00f3rowej<\/p>\n<p>\u2013 MDF nadaje si\u0119 do frezowania kraw\u0119dzi, naro\u017cnik\u00f3w i powierzchni, co jest niemo\u017cliwe w przypadku p\u0142yt wi\u00f3rowych. Pozwala to na nadanie cz\u0119\u015bciom MDF r\u00f3\u017cnorodnych kszta\u0142t\u00f3w i znacznie rozszerza mo\u017cliwo\u015bci ich zastosowania<\/p>\n<p>\u2013 MDF nadaje si\u0119 do produkcji powierzchni gi\u0119tych, co jest r\u00f3wnie\u017c niemo\u017cliwe w przypadku p\u0142yt wi\u00f3rowych. Technologia gi\u0119cia p\u00f3\u0142wyrob\u00f3w MDF jest zbli\u017cona do technologii wytwarzania produkt\u00f3w gi\u0119tych z naturalnego drewna i sklejki<\/p>\n<p>\u2013 P\u0142yta MDF dzi\u0119ki swojej wysokiej wytrzyma\u0142o\u015bci znacznie lepiej trzyma okucia meblowe ni\u017c p\u0142yta wi\u00f3rowa.<\/p>\n<p>\u2013 P\u0142yta MDF b\u0119dzie niezast\u0105piona w przypadkach, gdy do mocowania konstrukcji na zawiasach wymagane s\u0105 wysokie warto\u015bci g\u0119sto\u015bci.<\/p>\n<p><strong>PRZYJAZNO\u015a\u0106 DLA \u015aRODOWISKA<\/strong><\/p>\n<p>\u2013 P\u0142yta MDF, pomimo ni\u017cszego kosztu, jest zbli\u017cona do naturalnego drewna pod wzgl\u0119dem w\u0142a\u015bciwo\u015bci \u015brodowiskowych<\/p>\n<p>\u2013 MDF jest bardziej przyjazny dla \u015brodowiska ni\u017c p\u0142yta wi\u00f3rowa ze wzgl\u0119du na nisk\u0105 emisj\u0119 formaldehydu \u2013 zaleca si\u0119 stosowanie do produkcji mebli dzieci\u0119cych, mebli kuchennych.<\/p>\n<p><strong>HIGIENICZNY<\/strong><\/p>\n<p>&#8211; MDF jest odporny na dzia\u0142anie r\u00f3\u017cnych grzyb\u00f3w i mikroorganizm\u00f3w, co sprawia, \u017ce \u200b\u200bprodukty MDF s\u0105 higieniczne i bezpieczne w domu.<br \/>\n<strong><br \/>\nBEZPIECZE\u0143STWO PO\u017bAROWE<\/strong><\/p>\n<p>&#8211; MDF jest materia\u0142em niepalnym<\/p>","protected":false},"excerpt":{"rendered":"<p>MDF r\u00f3\u017cni si\u0119 od alternatywnych materia\u0142\u00f3w szeregiem zalet: KOSZT \u2013 Koszt p\u0142yt MDF jest co najmniej 60-70% ta\u0144szy ni\u017c naturalnego drewna. W\u0141A\u015aCIWO\u015aCI FIZYKO-MECHANICZNE &#8211; MDF, pomimo ni\u017cszego kosztu, przewy\u017csza naturalne drewno pod wzgl\u0119dem w\u0142a\u015bciwo\u015bci fizycznych i mechanicznych, poniewa\u017c MDF pozbawiony jest niejednorodno\u015bci w\u0142a\u015bciwo\u015bci i wad wewn\u0119trznych drewna, takich jak s\u0119ki, p\u0119kni\u0119cia, a twardo\u015b\u0107 MDF jest [&hellip;]<\/p>\n","protected":false},"author":1,"featured_media":0,"parent":0,"menu_order":0,"comment_status":"closed","ping_status":"closed","template":"","meta":[],"acf":[],"_links":{"self":[{"href":"https:\/\/rezult.pro\/pl\/wp-json\/wp\/v2\/pages\/821"}],"collection":[{"href":"https:\/\/rezult.pro\/pl\/wp-json\/wp\/v2\/pages"}],"about":[{"href":"https:\/\/rezult.pro\/pl\/wp-json\/wp\/v2\/types\/page"}],"author":[{"embeddable":true,"href":"https:\/\/rezult.pro\/pl\/wp-json\/wp\/v2\/users\/1"}],"replies":[{"embeddable":true,"href":"https:\/\/rezult.pro\/pl\/wp-json\/wp\/v2\/comments?post=821"}],"version-history":[{"count":0,"href":"https:\/\/rezult.pro\/pl\/wp-json\/wp\/v2\/pages\/821\/revisions"}],"wp:attachment":[{"href":"https:\/\/rezult.pro\/pl\/wp-json\/wp\/v2\/media?parent=821"}],"curies":[{"name":"wp","href":"https:\/\/api.w.org\/{rel}","templated":true}]}}