
{"id":823,"date":"2016-05-24T09:38:38","date_gmt":"2016-05-24T06:38:38","guid":{"rendered":"https:\/\/rezult.pro\/?page_id=823"},"modified":"2022-06-21T21:17:40","modified_gmt":"2022-06-21T19:17:40","slug":"%d1%80%d0%b0%d0%b1%d0%be%d1%82%d0%b0-%d1%81-%d0%bc%d0%b4%d1%84","status":"publish","type":"page","link":"https:\/\/rezult.pro\/pl\/%d1%80%d0%b0%d0%b1%d0%be%d1%82%d0%b0-%d1%81-%d0%bc%d0%b4%d1%84\/","title":{"rendered":"Praca z mdf"},"content":{"rendered":"<p><strong>Pi\u0142owanie<br \/>\n<\/strong>P\u0142yty MDF s\u0105 doskonale ci\u0119te pi\u0142ami z w\u0119glik\u00f3w spiekanych &#8211; szybko i bez wi\u00f3r\u00f3w.<\/p>\n<p><strong>Wiercenie<\/strong><br \/>\nPodczas wiercenia MDF narz\u0119dzia s\u0105 wykorzystywane do pracy na sklejce i p\u0142ycie wi\u00f3rowej.<\/p>\n<p><strong>Przemia\u0142<\/strong><br \/>\nStruktura MDF pozwala na uzyskanie wysokiej jako\u015bci frezowania kraw\u0119dzi i powierzchni przy du\u017cych pr\u0119dko\u015bciach obr\u00f3bki. Ze wzgl\u0119du na swoje w\u0142a\u015bciwo\u015bci fizyczne i mechaniczne materia\u0142 ten doskonale nadaje si\u0119 do tworzenia pi\u0119knych i nietypowych element\u00f3w w projektowaniu mebli.<\/p>\n<p><strong>Klejanie<\/strong><br \/>\nDo klejenia p\u0142yt MDF stosuje si\u0119 te same kleje, co do drewna.<\/p>\n<p><strong>Szlifowanie<\/strong><br \/>\nPodczas szlifowania zalecamy stosowanie ta\u015bm szlifierskich o uziarnieniu 100, w zale\u017cno\u015bci od produktu, kt\u00f3ry chcemy wykona\u0107 i p\u00f3\u017aniejszej technologii obr\u00f3bki.<\/p>\n<p><strong>Lakierowanie i malowanie<\/strong><br \/>\nTe technologie przetwarzania wymagaj\u0105 indywidualnego podej\u015bcia w doborze \u015brodk\u00f3w przetw\u00f3rczych w zale\u017cno\u015bci od tego, jaki produkt chcemy wytworzy\u0107 i warunk\u00f3w jego dalszej eksploatacji.<\/p>\n<p><strong>Szkant<\/strong><br \/>\nAby na\u0142o\u017cy\u0107 klej, otw\u00f3r szkantu powinien by\u0107 o 0,2 mm wi\u0119kszy ni\u017c sam szkant.<\/p>\n<p><strong>Mocowanie<\/strong><br \/>\nOtwory do wkr\u0119cania \u015brub w produkt musz\u0105 by\u0107 wst\u0119pnie nawiercone. Otw\u00f3r i przekr\u00f3j \u015bruby musz\u0105 mie\u0107 t\u0119 sam\u0105 \u015brednic\u0119.<\/p>\n<p><strong>Ok\u0142adzina.<\/strong><br \/>\nW zale\u017cno\u015bci od technologii ok\u0142adzin nale\u017cy dobra\u0107 klej do tego typu prac. Sama w sobie g\u0142adka powierzchnia MDF sprawia, \u017ce \u200b\u200bjest idealnym materia\u0142em do licowania.Praca na sklejce i p\u0142ycie wi\u00f3rowej.<\/p>","protected":false},"excerpt":{"rendered":"<p>Pi\u0142owanie P\u0142yty MDF s\u0105 doskonale ci\u0119te pi\u0142ami z w\u0119glik\u00f3w spiekanych &#8211; szybko i bez wi\u00f3r\u00f3w. Wiercenie Podczas wiercenia MDF narz\u0119dzia s\u0105 wykorzystywane do pracy na sklejce i p\u0142ycie wi\u00f3rowej. Przemia\u0142 Struktura MDF pozwala na uzyskanie wysokiej jako\u015bci frezowania kraw\u0119dzi i powierzchni przy du\u017cych pr\u0119dko\u015bciach obr\u00f3bki. Ze wzgl\u0119du na swoje w\u0142a\u015bciwo\u015bci fizyczne i mechaniczne materia\u0142 ten [&hellip;]<\/p>\n","protected":false},"author":1,"featured_media":0,"parent":0,"menu_order":0,"comment_status":"closed","ping_status":"closed","template":"","meta":[],"acf":[],"_links":{"self":[{"href":"https:\/\/rezult.pro\/pl\/wp-json\/wp\/v2\/pages\/823"}],"collection":[{"href":"https:\/\/rezult.pro\/pl\/wp-json\/wp\/v2\/pages"}],"about":[{"href":"https:\/\/rezult.pro\/pl\/wp-json\/wp\/v2\/types\/page"}],"author":[{"embeddable":true,"href":"https:\/\/rezult.pro\/pl\/wp-json\/wp\/v2\/users\/1"}],"replies":[{"embeddable":true,"href":"https:\/\/rezult.pro\/pl\/wp-json\/wp\/v2\/comments?post=823"}],"version-history":[{"count":0,"href":"https:\/\/rezult.pro\/pl\/wp-json\/wp\/v2\/pages\/823\/revisions"}],"wp:attachment":[{"href":"https:\/\/rezult.pro\/pl\/wp-json\/wp\/v2\/media?parent=823"}],"curies":[{"name":"wp","href":"https:\/\/api.w.org\/{rel}","templated":true}]}}