
{"id":842,"date":"2016-06-01T14:41:23","date_gmt":"2016-06-01T11:41:23","guid":{"rendered":"https:\/\/rezult.pro\/?page_id=842"},"modified":"2022-06-18T21:42:25","modified_gmt":"2022-06-18T19:42:25","slug":"sphere-of-use-result","status":"publish","type":"page","link":"https:\/\/rezult.pro\/pl\/sphere-of-use-result\/","title":{"rendered":"Zakresy stosowania produkcji REZULT"},"content":{"rendered":"<p><span style=\"color: #ff0000;\"><strong><span title=\"Zastosowanie p\u0142yt MDF \">Zastosowanie p\u0142yt MDF<\/span><\/strong><\/span><\/p>\n<p><span title=\"P\u0142yta MDF - jest materia\u0142em drewnopochodnym z drobionego spresowanego drewna, kt\u00f3ra znajduje zastosowanie jako alternatywa dla drewna litego  w produkcji mebli.\">P\u0142yta MDF &#8211; jest materia\u0142em drewnopochodnym z drobionego spresowanego drewna, kt\u00f3ra znajduje zastosowanie jako alternatywa dla drewna litego  w produkcji mebli. <\/span><span title=\"MDF jest powszechnym materia\u0142em ze wzgl\u0119du na szereg jego zalet oraz fakt, \u017ce jest o 60% ta\u0144szy od litego drewna.\">MDF jest powszechnym materia\u0142em ze wzgl\u0119du na szereg jego zalet oraz fakt, \u017ce jest o 60% ta\u0144szy od litego drewna.<br \/>\n<\/span><\/p>\n<p><span title=\"W produkcji mebli MDF jest najbardziej racjonalnym rozwi\u0105zaniem.\">W produkcji mebli MDF jest najbardziej racjonalnym rozwi\u0105zaniem.<\/span><span title=\"Posiadaj\u0105 takie w\u0142a\u015bciwo\u015bci jak praktyczno\u015b\u0107, odporno\u015b\u0107 na wilgo\u0107, wysoki poziom produkcyjno\u015bci, przyjazno\u015b\u0107 dla \u015brodowiska, niska cena, wszechstronno\u015b\u0107 w zastosowaniu oraz wysoki poziom izolacji akustycznej.\">Posiadaj\u0105 takie w\u0142a\u015bciwo\u015bci jak praktyczno\u015b\u0107, odporno\u015b\u0107 na wilgo\u0107, wysoki poziom produkcyjno\u015bci, przyjazno\u015b\u0107 dla \u015brodowiska, niska cena, wszechstronno\u015b\u0107 w zastosowaniu oraz wysoki poziom izolacji akustycznej.<\/span><\/p>\n<p><span title=\"MDF jest cz\u0119sto u\u017cywany w meblarstwie i budownictwie\">MDF jest cz\u0119sto u\u017cywany w meblarstwie i budownictwie<\/span><\/p>\n<p><img loading=\"lazy\" class=\" wp-image-1040 alignnone\" data-src=\"https:\/\/rezult.pro\/wp-content\/uploads\/2016\/06\/20150129_112444-300x225.jpg\" alt=\"20150129_112444\" width=\"234\" height=\"175\" data-srcset=\"https:\/\/rezult.pro\/wp-content\/uploads\/2016\/06\/20150129_112444-300x225.jpg 300w, https:\/\/rezult.pro\/wp-content\/uploads\/2016\/06\/20150129_112444-768x576.jpg 768w, https:\/\/rezult.pro\/wp-content\/uploads\/2016\/06\/20150129_112444.jpg 1024w\" sizes=\"(max-width: 234px) 100vw, 234px\" \/>\u00a0<img loading=\"lazy\" class=\" wp-image-1066 alignnone\" data-src=\"https:\/\/rezult.pro\/wp-content\/uploads\/2016\/06\/20150129_113943-300x225.jpg\" alt=\"20150129_113943\" width=\"234\" height=\"175\" data-srcset=\"https:\/\/rezult.pro\/wp-content\/uploads\/2016\/06\/20150129_113943-300x225.jpg 300w, https:\/\/rezult.pro\/wp-content\/uploads\/2016\/06\/20150129_113943-768x576.jpg 768w, https:\/\/rezult.pro\/wp-content\/uploads\/2016\/06\/20150129_113943.jpg 1024w\" sizes=\"(max-width: 234px) 100vw, 234px\" \/>\u00a0<img loading=\"lazy\" class=\"wp-image-449 alignnone\" data-src=\"https:\/\/rezult.pro\/wp-content\/uploads\/2016\/05\/dar_3-300x205.jpg\" alt=\"\" width=\"257\" height=\"175\" data-srcset=\"https:\/\/rezult.pro\/wp-content\/uploads\/2016\/05\/dar_3-300x205.jpg 300w, https:\/\/rezult.pro\/wp-content\/uploads\/2016\/05\/dar_3-768x524.jpg 768w, https:\/\/rezult.pro\/wp-content\/uploads\/2016\/05\/dar_3-1024x698.jpg 1024w, https:\/\/rezult.pro\/wp-content\/uploads\/2016\/05\/dar_3.jpg 1266w\" sizes=\"(max-width: 257px) 100vw, 257px\" \/><\/p>\n<p><span title=\"Przyk\u0142ad zastosowania p\u0142yt MDF w produkcji zabudowy blokowej oraz pawilon\u00f3w handlowych\">Przyk\u0142ad zastosowania p\u0142yt MDF w produkcji zabudowy blokowej oraz pawilon\u00f3w handlowych.<\/span><\/p>\n<p><span title=\"MDF w budownictwie s\u0142u\u017cy do szalunk\u00f3w, ok\u0142adzin \u015bciennych, szorstkich pod\u0142\u00f3g, paneli \u015bciennych, ok\u0142adzin sufitowych, sufit\u00f3w podwieszanych, schod\u00f3w, parapet\u00f3w, drzwi oraz do wzmocnienia dachu.\">MDF w budownictwie s\u0142u\u017cy do szalunk\u00f3w, ok\u0142adzin \u015bciennych, szorstkich pod\u0142\u00f3g, paneli \u015bciennych, ok\u0142adzin sufitowych, sufit\u00f3w podwieszanych, schod\u00f3w, parapet\u00f3w, drzwi oraz do wzmocnienia dachu. <\/span><\/p>\n<p><span title=\"Materia\u0142 ten nie wydziela szkodliwych opar\u00f3w oraz zapobiega rozprzestrzenianiu si\u0119 grzyb\u00f3w i bakterii, dzi\u0119ki czemu utrzymuje pomieszczenie w czysto\u015bci.\">Materia\u0142 ten nie wydziela szkodliwych opar\u00f3w oraz zapobiega rozprzestrzenianiu si\u0119 grzyb\u00f3w i bakterii, dzi\u0119ki czemu utrzymuje pomieszczenie w czysto\u015bci.<\/span><\/p>\n<p><span title=\"Ponadto p\u0142yta MDF o niskiej g\u0119sto\u015bci jest doskona\u0142ym materia\u0142em termoizolacyjnym.\">Ponadto p\u0142yta MDF o niskiej g\u0119sto\u015bci jest doskona\u0142ym materia\u0142em termoizolacyjnym.<\/span><span title=\"Proces pracy z p\u0142ytami jest bardzo prosty i nie wymaga specjalnej wiedzy lub umiej\u0119tno\u015bci.\">Proces pracy z p\u0142ytami jest bardzo prosty i nie wymaga specjalnej wiedzy lub umiej\u0119tno\u015bci.<\/span><\/p>\n<p><span title=\"Istniej\u0105 3 g\u0142\u00f3wne rodzaje p\u0142yt MDF: \">Istniej\u0105 3 g\u0142\u00f3wne rodzaje p\u0142yt MDF:<\/span><\/p>\n<ul>\n<li><span title=\"\u2022 P\u0142yty polerowane maj\u0105 \u015bredni\u0105 g\u0119sto\u015b\u0107, obustronnie g\u0142adkie, higieniczne, \u0142atwe w piel\u0119gnacji, odporne na wilgo\u0107. \">P\u0142yty polerowane maj\u0105 \u015bredni\u0105 g\u0119sto\u015b\u0107, obustronnie g\u0142adkie, higieniczne, \u0142atwe w piel\u0119gnacji, odporne na wilgo\u0107. <\/span><span title=\"P\u0142yty prasowane lite to \u015bwietna opcja do produkcji mebli. \">P\u0142yty prasowane lite to \u015bwietna opcja do produkcji mebli.<\/span><\/li>\n<li><span title=\"\u2022 Laminowane p\u0142yty r\u00f3\u017cni\u0105 si\u0119 w stosunku do p\u0142yt polirowanych laminowaniem, kt\u00f3re nie tylko nadaje produktowi po\u0142ysku, zwi\u0119ksza jego wodoodporno\u015b\u0107, ale tak\u017ce pozwala producentowi pracowa\u0107 z szerok\u0105 gam\u0105 kolor\u00f3w i na\u015bladowa\u0107 naturaln\u0105 faktur\u0119 drewna.\">Laminowane p\u0142yty r\u00f3\u017cni\u0105 si\u0119 w stosunku do p\u0142yt polirowanych laminowaniem, kt\u00f3re nie tylko nadaje produktowi po\u0142ysku, zwi\u0119ksza jego wodoodporno\u015b\u0107, ale tak\u017ce pozwala producentowi pracowa\u0107 z szerok\u0105 gam\u0105 kolor\u00f3w i na\u015bladowa\u0107 naturaln\u0105 faktur\u0119 drewna.<\/span><\/li>\n<li><span title=\"\u2022 P\u0142yty wodoodporne. Zwi\u0119kszona g\u0119sto\u015b\u0107 materia\u0142u pozwala nie odkszta\u0142ca\u0107 si\u0119 i nie zapada\u0107 pod wp\u0142ywem wilgoci.\">P\u0142yty wodoodporne. Zwi\u0119kszona g\u0119sto\u015b\u0107 materia\u0142u pozwala nie odkszta\u0142ca\u0107 si\u0119 i nie zapada\u0107 pod wp\u0142ywem wilgoci. <\/span><span title=\"G\u0142\u00f3wnymi zaletami takich p\u0142yt s\u0105 trwa\u0142o\u015b\u0107, izolacyjno\u015b\u0107 akustyczna i \u0142atwo\u015b\u0107 obr\u00f3bki.\">G\u0142\u00f3wnymi zaletami takich p\u0142yt s\u0105 trwa\u0142o\u015b\u0107, izolacyjno\u015b\u0107 akustyczna i \u0142atwo\u015b\u0107 obr\u00f3bki.<\/span><\/li>\n<\/ul>\n<p><span title=\"*Firma Rezult zapewnia wy\u0142\u0105cznie hurtowe dostawy tego materia\u0142u.\">*Firma Rezult zapewnia wy\u0142\u0105cznie hurtowe dostawy tego materia\u0142u<\/span><\/p>\n<p><span title=\"Zastosowanie paneli MDF \u015bciennych i sufitowych \"><strong><span style=\"color: #ff0000;\">Zastosowanie paneli MDF \u015bciennych i sufitowych <\/span><\/strong><\/span><\/p>\n<p><span title=\"P\u0142yty MDF staj\u0105 co raz bardziej popularne na rynku budowlanym ze wzgl\u0119du na je w\u0142a\u015bciwo\u015bci estetyczne, u\u017cytkowe i mechaniczne. \">P\u0142yty MDF staj\u0105 co raz bardziej popularne na rynku budowlanym ze wzgl\u0119du na je w\u0142a\u015bciwo\u015bci estetyczne, u\u017cytkowe i mechaniczne.<\/span><\/p>\n<p><span title=\"P\u0142yty MDF to p\u0142yty o \u015bredniej g\u0119sto\u015bci. \">P\u0142yty MDF to p\u0142yty o \u015bredniej g\u0119sto\u015bci.  <\/span><span title=\"\u041f\u0440\u0438 \u0438\u0445 \u043f\u0440\u043e\u0438\u0437\u0432\u043e\u0434\u0441\u0442\u0432\u0435 \u043d\u0435 \u0438\u0441\u043f\u043e\u043b\u044c\u0437\u0443\u044e\u0442 \u0432\u0440\u0435\u0434\u043d\u044b\u0445 \u0441\u043c\u043e\u043b \u0438 \u0444\u0435\u043d\u043e\u043b\u0430.\">\u041f\u0440\u0438 \u0457\u0445 \u0432\u0438\u0440\u043e\u0431\u043d\u0438\u0446\u0442\u0432\u0456 \u043d\u0435 \u0432\u0438\u043a\u043e\u0440\u0438\u0441\u0442\u043e\u0432\u0443\u044e\u0442\u044c\u0441\u044f \u0448\u043a\u0456\u0434\u043b\u0438\u0432\u0456 \u0441\u043c\u043e\u043b\u0438\u00a0\u0447\u0438 \u0444\u0435\u043d\u043e\u043b. <\/span><span title=\" W produkcji tych p\u0142yt nie stosuje si\u0119 szkodliwych \u017cywic ani fenoli. W\u0142\u00f3kna w produkcji s\u0105 mocowane lignin\u0105, kt\u00f3r\u0105 wydziela drewno w procesie obr\u00f3bki termicznej.\"> W produkcji tych p\u0142yt nie stosuje si\u0119 szkodliwych \u017cywic ani fenoli. W\u0142\u00f3kna w produkcji s\u0105 mocowane lignin\u0105, kt\u00f3r\u0105 wydziela drewno w procesie obr\u00f3bki termicznej.<\/span><\/p>\n<p><span title=\"P\u0142yty MDF wykorzystywane s\u0105 do ko\u0144cowego etapu budowy biur, restauracji, bar\u00f3w, balkon\u00f3w, \u015bcian korytarzy, dekoracji taras\u00f3w. \">P\u0142yty MDF wykorzystywane s\u0105 do ko\u0144cowego etapu budowy biur, restauracji, bar\u00f3w, balkon\u00f3w, \u015bcian korytarzy, dekoracji taras\u00f3w.<\/span><span title=\"Rodzaj szczeg\u00f3lnie wodoodpornych paneli s\u0142u\u017cy do wyka\u0144czania kuchni i \u0142azienek.\">Rodzaj szczeg\u00f3lnie wodoodpornych paneli s\u0142u\u017cy do wyka\u0144czania kuchni i \u0142azienek.<\/span><\/p>\n<p><span id=\"result_box\" lang=\"uk\" tabindex=\"-1\"><span title=\"Panele MDF maj\u0105 takie zalety:\">Panele MDF maj\u0105 takie zalety:<\/span><\/span><\/p>\n<ul>\n<li><span id=\"result_box\" lang=\"uk\" tabindex=\"-1\"><span title=\"\u2022wodoodporno\u015b\u0107, \">wodoodporno\u015b\u0107,<\/span><\/span><\/li>\n<li><span id=\"result_box\" lang=\"uk\" tabindex=\"-1\"><span title=\"\u2022termoizolacja, \">termoizolacja,<\/span><\/span><\/li>\n<li><span id=\"result_box\" lang=\"uk\" tabindex=\"-1\"><span title=\"\u2022przyjazno\u015b\u0107 dla \u015brodowiska, \">przyjazno\u015b\u0107 dla \u015brodowiska,<\/span><\/span><\/li>\n<li><span id=\"result_box\" lang=\"uk\" tabindex=\"-1\"><span title=\"\u2022niska cena, \">niska cena,<\/span><\/span><\/li>\n<li><span id=\"result_box\" lang=\"uk\" tabindex=\"-1\"><span title=\"\u2022du\u017cy wyb\u00f3r kolor\u00f3w, \">du\u017cy wyb\u00f3r kolor\u00f3w,<\/span><\/span><\/li>\n<li><span id=\"result_box\" lang=\"uk\" tabindex=\"-1\"><span title=\"\u2022\u0142atwo\u015b\u0107 obr\u00f3bki i instalacji. \">\u0142atwo\u015b\u0107 obr\u00f3bki i instalacji.<\/span><\/span><\/li>\n<\/ul>\n<p><span id=\"result_box\" lang=\"uk\" tabindex=\"-1\"><span title=\"Grubo\u015b\u0107 paneli jest od 3 do 60 mm, d\u0142ugo\u015b\u0107 do 3,66 m, szeroko\u015b\u0107 od 1,5 do 207 m. \">Grubo\u015b\u0107 paneli jest od 3 do 60 mm, d\u0142ugo\u015b\u0107 do 3,66 m, szeroko\u015b\u0107 od 1,5 do 207 m.<\/span><\/span><\/p>\n<p><span style=\"color: #ff0000;\"><strong>Zastosowanie tarcicy (deski sosnowe i pr\u0119ty)<\/strong><\/span><\/p>\n<p><img loading=\"lazy\" class=\"wp-image-951 alignnone\" data-src=\"https:\/\/rezult.pro\/wp-content\/uploads\/2016\/04\/shutterstock_112783048-300x197.jpg\" alt=\"shutterstock_112783048\" width=\"385\" height=\"253\" data-srcset=\"https:\/\/rezult.pro\/wp-content\/uploads\/2016\/04\/shutterstock_112783048-300x197.jpg 300w, https:\/\/rezult.pro\/wp-content\/uploads\/2016\/04\/shutterstock_112783048-768x505.jpg 768w, https:\/\/rezult.pro\/wp-content\/uploads\/2016\/04\/shutterstock_112783048.jpg 1000w\" sizes=\"(max-width: 385px) 100vw, 385px\" \/>\u00a0<img loading=\"lazy\" class=\"wp-image-953 alignnone\" data-src=\"https:\/\/rezult.pro\/wp-content\/uploads\/2016\/04\/shutterstock_146104262-300x200.jpg\" alt=\"shutterstock_146104262\" width=\"380\" height=\"253\" data-srcset=\"https:\/\/rezult.pro\/wp-content\/uploads\/2016\/04\/shutterstock_146104262-300x200.jpg 300w, https:\/\/rezult.pro\/wp-content\/uploads\/2016\/04\/shutterstock_146104262-768x512.jpg 768w, https:\/\/rezult.pro\/wp-content\/uploads\/2016\/04\/shutterstock_146104262.jpg 1000w\" sizes=\"(max-width: 380px) 100vw, 380px\" \/><\/p>\n<p><span title=\"Sosna to jeden z najpopularniejszych materia\u0142\u00f3w w budownictwie. ma do\u015b\u0107 du\u017c\u0105 wytrzyma\u0142o\u015b\u0107, jest odporny na odkszta\u0142cenia podczas wysychania i ma du\u017c\u0105 zawarto\u015b\u0107 \u017cywicy, co sprawia, \u017ce \u200b\u200bdrewno sosnowe jest bardziej ognioodporne ni\u017c drewno li\u015bciaste, jest te\u017c do\u015b\u0107 elastyczne i \u0142atwe w obr\u00f3bce.\">Sosna to jeden z najpopularniejszych materia\u0142\u00f3w w budownictwie. ma do\u015b\u0107 du\u017c\u0105 wytrzyma\u0142o\u015b\u0107, jest odporny na odkszta\u0142cenia podczas wysychania i ma du\u017c\u0105 zawarto\u015b\u0107 \u017cywicy, co sprawia, \u017ce \u200b\u200bdrewno sosnowe jest bardziej ognioodporne ni\u017c drewno li\u015bciaste, jest te\u017c do\u015b\u0107 elastyczne i \u0142atwe w obr\u00f3bce.<\/span><span title=\". \">.<\/span><\/p>\n<p><span title=\"Tarcic\u0119 sosnow\u0105 wykorzystyjemy do produkcji mebli, do budownictwa i dekoracji wn\u0119trz.\">Tarcic\u0119 sosnow\u0105 wykorzystyjemy do produkcji mebli, do budownictwa i dekoracji wn\u0119trz.<\/span><\/p>\n<p><span title=\"Tarcica jest do\u015b\u0107 popularnym i rozpowszechnionym materia\u0142em, poniewa\u017c jest ekologiczna, mocna, d\u0142ugowieczna, a tak\u017ce najbardziej dost\u0119pna. \">Tarcica jest do\u015b\u0107 popularnym i rozpowszechnionym materia\u0142em, poniewa\u017c jest ekologiczna, mocna, d\u0142ugowieczna, a tak\u017ce najbardziej dost\u0119pna.<\/span><\/p>\n<p><span title=\"S\u0105 dwa g\u0142\u00f3wne rodzaje tarcicy - kraw\u0119dziak i deska.\">S\u0105 dwa g\u0142\u00f3wne rodzaje tarcicy &#8211; kraw\u0119dziak i deska.<\/span><\/p>\n<p><img loading=\"lazy\" class=\" wp-image-411 alignnone\" data-src=\"https:\/\/rezult.pro\/wp-content\/uploads\/2016\/05\/shutterstock_112616969-300x193.jpg\" alt=\"shutterstock_112616969\" width=\"385\" height=\"248\" data-srcset=\"https:\/\/rezult.pro\/wp-content\/uploads\/2016\/05\/shutterstock_112616969-300x193.jpg 300w, https:\/\/rezult.pro\/wp-content\/uploads\/2016\/05\/shutterstock_112616969-768x495.jpg 768w, https:\/\/rezult.pro\/wp-content\/uploads\/2016\/05\/shutterstock_112616969-1024x660.jpg 1024w\" sizes=\"(max-width: 385px) 100vw, 385px\" \/>\u00a0<img loading=\"lazy\" class=\" wp-image-946 alignnone\" data-src=\"https:\/\/rezult.pro\/wp-content\/uploads\/2016\/04\/shutterstock_23086147-300x200.jpg\" alt=\"shutterstock_23086147\" width=\"373\" height=\"248\" data-srcset=\"https:\/\/rezult.pro\/wp-content\/uploads\/2016\/04\/shutterstock_23086147-300x200.jpg 300w, https:\/\/rezult.pro\/wp-content\/uploads\/2016\/04\/shutterstock_23086147-768x512.jpg 768w, https:\/\/rezult.pro\/wp-content\/uploads\/2016\/04\/shutterstock_23086147.jpg 1000w\" sizes=\"(max-width: 373px) 100vw, 373px\" \/><\/p>\n<p><span title=\"Kraw\u0119dziak to produkt drewniany o szeroko\u015bci i grubo\u015bci 100 mm, stosowany w produkcji mebli, konstrukcji, produkcji pojemnik\u00f3w itp. \">Kraw\u0119dziak to produkt drewniany o szeroko\u015bci i grubo\u015bci 100 mm, stosowany w produkcji mebli, konstrukcji, produkcji pojemnik\u00f3w itp.<\/span><\/p>\n<p><span title=\"G\u0142\u00f3wne rodzaje kraw\u0119dziaka: \">G\u0142\u00f3wne rodzaje kraw\u0119dziaka:<br \/>\n<\/span><\/p>\n<ul>\n<li><span title=\"\u2022obosieczny to zako\u0144czony z dw\u00f3ch przeciwleg\u0142ych stron wzd\u0142u\u017c bok\u00f3w pod\u0142u\u017cnych. \">obosieczny to zako\u0144czony z dw\u00f3ch przeciwleg\u0142ych stron wzd\u0142u\u017c bok\u00f3w pod\u0142u\u017cnych.<\/span><\/li>\n<li><span title=\"\u2022\u0422\u0440\u0451\u0445\u043a\u0430\u043d\u0442\u043d\u044b\u0439 \u2013 \u0431\u0440\u0443\u0441, \u043e\u0431\u0440\u0430\u0431\u043e\u0442\u0430\u043d\u043d\u044b\u0439 \u0441 \u0442\u0440\u0435\u0445 \u0441\u0442\u043e\u0440\u043e\u043d \u043f\u043e \u043f\u0440\u043e\u0434\u043e\u043b\u044c\u043d\u044b\u043c \u0441\u0442\u043e\u0440\u043e\u043d\u0430\u043c. \">\u0442\u0440\u044c\u043e\u0445\u043a\u0430\u043d\u0442\u043d\u0438\u0439 &#8211; \u0431\u0440\u0443\u0441, \u043e\u0431\u0440\u043e\u0431\u043b\u0435\u043d\u0438\u0439 \u0437 \u0442\u0440\u044c\u043e\u0445 \u0441\u0442\u043e\u0440\u0456\u043d \u043f\u043e \u043f\u043e\u0437\u0434\u043e\u0432\u0436\u043d\u0456\u0445 \u0441\u0442\u043e\u0440\u043e\u043d\u0430\u0445.<\/span><\/li>\n<li><span title=\"\u2022obrabiany z trzech stron wzd\u0142u\u017c bok\u00f3w pod\u0142u\u017cnych.\">obrabiany z trzech stron wzd\u0142u\u017c bok\u00f3w pod\u0142u\u017cnych.<\/span><\/li>\n<li><span title=\"\u2022obrabiany z czterech stron wzd\u0142u\u017c bok\u00f3w pod\u0142u\u017cnych.\"><span title=\"\u2022obrabiany z czterech stron wzd\u0142u\u017c bok\u00f3w pod\u0142u\u017cnych.\">kalibrowany to wysuszony na wymagany wymiar.<\/span><\/span><\/li>\n<\/ul>\n<p><span title=\"Zgodnie z klasyfikacj\u0105 belki  s\u0105 profilowane, klejone i okr\u0105g\u0142e.\">Zgodnie z klasyfikacj\u0105 belki  s\u0105 profilowane, klejone i okr\u0105g\u0142e.<\/span><\/p>\n<p><span title=\"W zale\u017cno\u015bci od klasy belki r\u00f3\u017cni si\u0119 r\u00f3wnie\u017c zakres jej zastosowania.\">W zale\u017cno\u015bci od klasy belki r\u00f3\u017cni si\u0119 r\u00f3wnie\u017c zakres jej zastosowania.<\/span><\/p>\n<p><span title=\"Belka profilowana to najlepsza opcja do budowy wiejskiego domu.\">Belka profilowana to najlepsza opcja do budowy wiejskiego domu.<\/span><span title=\" Za pomoc\u0105 belki o takim kszta\u0142cie w przekroju budowa domu jest \u0142atwiejsza i szybsza.\"> Za pomoc\u0105 belki o takim kszta\u0142cie w przekroju budowa domu jest \u0142atwiejsza i szybsza.<\/span><span title=\"Mo\u017cemy zbudowa\u0107 dom dos\u0142ownie jak skomponowa\u0107 konstruktora.\">Mo\u017cemy zbudowa\u0107 dom dos\u0142ownie jak skomponowa\u0107 konstruktora.<\/span><\/p>\n<p><span title=\"Belka klejona znajduje zastosowanie w budowie dom\u00f3w o projekcie dowolnym. \">Belka klejona znajduje zastosowanie w budowie dom\u00f3w o projekcie dowolnym.<\/span><span title=\"Technologia wykonania tego typu belki jest bardziej skomplikowana i w zwi\u0105zku z tym jej cena jest znacznie dro\u017csza.\">Technologia wykonania tego typu belki jest bardziej skomplikowana i w zwi\u0105zku z tym jej cena jest znacznie dro\u017csza.<\/span><\/p>\n<p><span title=\"Belki okr\u0105g\u0142e wykorzystywane jest do budowy domk\u00f3w letniskowych, taras\u00f3w, altan, \u0142a\u017ani, saun, dom\u00f3w wiejskich.\">Belki okr\u0105g\u0142e wykorzystywane jest do budowy domk\u00f3w letniskowych, taras\u00f3w, altan, \u0142a\u017ani, saun, dom\u00f3w wiejskich.<\/span><\/p>\n<p><span title=\"Wszystkie drewniane ramy, bale i podstawy wykonane s\u0105 z belek.\">Wszystkie drewniane ramy, bale i podstawy wykonane s\u0105 z belek.<\/span><\/p>\n<p><img loading=\"lazy\" class=\" wp-image-954 alignnone\" data-src=\"https:\/\/rezult.pro\/wp-content\/uploads\/2016\/04\/shutterstock_149513522-300x200.jpg\" alt=\"shutterstock_149513522\" width=\"380\" height=\"253\" data-srcset=\"https:\/\/rezult.pro\/wp-content\/uploads\/2016\/04\/shutterstock_149513522-300x200.jpg 300w, https:\/\/rezult.pro\/wp-content\/uploads\/2016\/04\/shutterstock_149513522-768x512.jpg 768w, https:\/\/rezult.pro\/wp-content\/uploads\/2016\/04\/shutterstock_149513522.jpg 1000w\" sizes=\"(max-width: 380px) 100vw, 380px\" \/>\u00a0<img loading=\"lazy\" class=\" wp-image-952 alignnone\" data-src=\"https:\/\/rezult.pro\/wp-content\/uploads\/2016\/04\/shutterstock_117706543-300x200.jpg\" alt=\"shutterstock_117706543\" width=\"378\" height=\"252\" data-srcset=\"https:\/\/rezult.pro\/wp-content\/uploads\/2016\/04\/shutterstock_117706543-300x200.jpg 300w, https:\/\/rezult.pro\/wp-content\/uploads\/2016\/04\/shutterstock_117706543-768x512.jpg 768w, https:\/\/rezult.pro\/wp-content\/uploads\/2016\/04\/shutterstock_117706543.jpg 1000w\" sizes=\"(max-width: 378px) 100vw, 378px\" \/><\/p>\n<p><span title=\"Jednym z najbardziej uniwersalnych produkt\u00f3w z drewna stosowanych w budownictwie jest deska - tarcica o grubo\u015bci do 100 mm i szeroko\u015bci dwukrotnie wi\u0119ksz\u0105  od grubo\u015bci i wi\u0119cej. \">Jednym z najbardziej uniwersalnych produkt\u00f3w z drewna stosowanych w budownictwie jest deska &#8211; tarcica o grubo\u015bci do 100 mm i szeroko\u015bci dwukrotnie wi\u0119ksz\u0105  od grubo\u015bci i wi\u0119cej.<\/span><\/p>\n<p><span title=\"Typ g\u0142\u00f3wny - deska obrzynana (z kraw\u0119dziami i ci\u0119ciem prostopadle do warstw) \">Typ g\u0142\u00f3wny &#8211; deska obrzynana (z kraw\u0119dziami i ci\u0119ciem prostopadle do warstw)<\/span><\/p>\n<p><span title=\"Zakres stosowania deski zale\u017cy od procentowej zawarto\u015bci wilgoci w produkcie:\">Zakres stosowania deski zale\u017cy od procentowej zawarto\u015bci wilgoci w produkcie:<br \/>\n<\/span><span title=\"\u2022wilgotno\u015b\u0107 8-10% - (materia\u0142y suche) parkiet, deski.\">\u2022 wilgotno\u015b\u0107 8-10% &#8211; (materia\u0142y suche) parkiet, deski.<br \/>\n<\/span><span title=\"\u2022Wilgotno\u015b\u0107 12-16% - (materia\u0142y uniwersalne) cok\u00f3\u0142, ramy okienne, wyko\u0144czenia, skrzynki drzwiowe.\">\u2022 Wilgotno\u015b\u0107 12-16% &#8211; (materia\u0142y uniwersalne) cok\u00f3\u0142, ramy okienne, wyko\u0144czenia, skrzynki drzwiowe.<br \/>\n<\/span><span title=\"\u2022Wilgotno\u015b\u0107 18% - wyko\u0144czenie zewn\u0119trzne, dach, skrzynki drzwiowe i okienne.\">\u2022 Wilgotno\u015b\u0107 18% &#8211; wyko\u0144czenie zewn\u0119trzne, dach, skrzynki drzwiowe i okienne.<\/span><\/p>\n<p>&nbsp;<\/p>\n<p>&nbsp;<\/p>\n<p>&nbsp;<\/p>","protected":false},"excerpt":{"rendered":"<p>Zastosowanie p\u0142yt MDF P\u0142yta MDF &#8211; jest materia\u0142em drewnopochodnym z drobionego spresowanego drewna, kt\u00f3ra znajduje zastosowanie jako alternatywa dla drewna litego w produkcji mebli. MDF jest powszechnym materia\u0142em ze wzgl\u0119du na szereg jego zalet oraz fakt, \u017ce jest o 60% ta\u0144szy od litego drewna. W produkcji mebli MDF jest najbardziej racjonalnym rozwi\u0105zaniem.Posiadaj\u0105 takie w\u0142a\u015bciwo\u015bci jak [&hellip;]<\/p>\n","protected":false},"author":1,"featured_media":0,"parent":0,"menu_order":0,"comment_status":"closed","ping_status":"closed","template":"","meta":[],"acf":[],"_links":{"self":[{"href":"https:\/\/rezult.pro\/pl\/wp-json\/wp\/v2\/pages\/842"}],"collection":[{"href":"https:\/\/rezult.pro\/pl\/wp-json\/wp\/v2\/pages"}],"about":[{"href":"https:\/\/rezult.pro\/pl\/wp-json\/wp\/v2\/types\/page"}],"author":[{"embeddable":true,"href":"https:\/\/rezult.pro\/pl\/wp-json\/wp\/v2\/users\/1"}],"replies":[{"embeddable":true,"href":"https:\/\/rezult.pro\/pl\/wp-json\/wp\/v2\/comments?post=842"}],"version-history":[{"count":0,"href":"https:\/\/rezult.pro\/pl\/wp-json\/wp\/v2\/pages\/842\/revisions"}],"wp:attachment":[{"href":"https:\/\/rezult.pro\/pl\/wp-json\/wp\/v2\/media?parent=842"}],"curies":[{"name":"wp","href":"https:\/\/api.w.org\/{rel}","templated":true}]}}